{"id":1020,"date":"2022-03-07T11:41:44","date_gmt":"2022-03-07T11:41:44","guid":{"rendered":"http:\/\/120.72.95.94:55147\/?page_id=1020"},"modified":"2026-04-15T13:01:04","modified_gmt":"2026-04-15T20:01:04","slug":"skin-care-wellness-products","status":"publish","type":"page","link":"https:\/\/affdermaz.com\/es\/services\/aesthetic-dermatology\/skin-care-wellness-products\/","title":{"rendered":"Cuidado de la piel Productos de bienestar"},"content":{"rendered":"<div data-elementor-type=\"wp-page\" data-elementor-id=\"1020\" class=\"elementor elementor-1020\">\n\t\t\t\t\t\t<section class=\"elementor-section elementor-top-section elementor-element elementor-element-42c00b1 elementor-section-boxed elementor-section-height-default elementor-section-height-default\" data-id=\"42c00b1\" data-element_type=\"section\" data-e-type=\"section\" data-settings=\"{&quot;background_background&quot;:&quot;classic&quot;}\">\n\t\t\t\t\t\t\t<div class=\"elementor-background-overlay\"><\/div>\n\t\t\t\t\t\t\t<div class=\"elementor-container elementor-column-gap-default\">\n\t\t\t\t\t<div class=\"elementor-column elementor-col-100 elementor-top-column elementor-element elementor-element-818bfdb\" data-id=\"818bfdb\" data-element_type=\"column\" data-e-type=\"column\">\n\t\t\t<div class=\"elementor-widget-wrap elementor-element-populated\">\n\t\t\t\t\t\t<div class=\"elementor-element elementor-element-ca90c7c elementor-widget elementor-widget-heading\" data-id=\"ca90c7c\" data-element_type=\"widget\" data-e-type=\"widget\" data-widget_type=\"heading.default\">\n\t\t\t\t<div class=\"elementor-widget-container\">\n\t\t\t\t\t<h1 class=\"elementor-heading-title elementor-size-default\">Productos para el cuidado de la piel y el bienestar<\/h1>\t\t\t\t<\/div>\n\t\t\t\t<\/div>\n\t\t\t\t\t<\/div>\n\t\t<\/div>\n\t\t\t\t\t<\/div>\n\t\t<\/section>\n\t\t\t\t<section class=\"elementor-section elementor-top-section elementor-element elementor-element-18ea388 elementor-section-boxed elementor-section-height-default elementor-section-height-default\" data-id=\"18ea388\" data-element_type=\"section\" data-e-type=\"section\">\n\t\t\t\t\t\t<div class=\"elementor-container elementor-column-gap-default\">\n\t\t\t\t\t<div class=\"elementor-column elementor-col-100 elementor-top-column elementor-element elementor-element-b8609a5\" data-id=\"b8609a5\" data-element_type=\"column\" data-e-type=\"column\">\n\t\t\t<div class=\"elementor-widget-wrap elementor-element-populated\">\n\t\t\t\t\t\t<div class=\"elementor-element elementor-element-470e916 img-happy-rt elementor-widget elementor-widget-image\" data-id=\"470e916\" data-element_type=\"widget\" data-e-type=\"widget\" data-widget_type=\"image.default\">\n\t\t\t\t<div class=\"elementor-widget-container\">\n\t\t\t\t\t\t\t\t\t\t\t\t\t\t\t<img loading=\"lazy\" decoding=\"async\" width=\"1225\" height=\"440\" src=\"https:\/\/i0.wp.com\/affdermaz.com\/wp-content\/uploads\/2022\/03\/affiliated-dermtology-skin-care-product-lines.png?fit=1225%2C440&amp;ssl=1\" class=\"attachment-full size-full wp-image-1022\" alt=\"\" srcset=\"https:\/\/i0.wp.com\/affdermaz.com\/wp-content\/uploads\/2022\/03\/affiliated-dermtology-skin-care-product-lines.png?w=1225&amp;ssl=1 1225w, https:\/\/i0.wp.com\/affdermaz.com\/wp-content\/uploads\/2022\/03\/affiliated-dermtology-skin-care-product-lines.png?resize=800%2C287&amp;ssl=1 800w, https:\/\/i0.wp.com\/affdermaz.com\/wp-content\/uploads\/2022\/03\/affiliated-dermtology-skin-care-product-lines.png?resize=1200%2C431&amp;ssl=1 1200w, https:\/\/i0.wp.com\/affdermaz.com\/wp-content\/uploads\/2022\/03\/affiliated-dermtology-skin-care-product-lines.png?resize=768%2C276&amp;ssl=1 768w\" sizes=\"auto, (max-width: 800px) 100vw, 800px\" \/>\t\t\t\t\t\t\t\t\t\t\t\t\t\t\t<\/div>\n\t\t\t\t<\/div>\n\t\t\t\t\t<\/div>\n\t\t<\/div>\n\t\t\t\t\t<\/div>\n\t\t<\/section>\n\t\t\t\t<section class=\"elementor-section elementor-top-section elementor-element elementor-element-1584f48 elementor-section-boxed elementor-section-height-default elementor-section-height-default\" data-id=\"1584f48\" data-element_type=\"section\" data-e-type=\"section\">\n\t\t\t\t\t\t<div class=\"elementor-container elementor-column-gap-default\">\n\t\t\t\t\t<div class=\"elementor-column elementor-col-100 elementor-top-column elementor-element elementor-element-ba6e248\" data-id=\"ba6e248\" data-element_type=\"column\" data-e-type=\"column\">\n\t\t\t<div class=\"elementor-widget-wrap elementor-element-populated\">\n\t\t\t\t\t\t<div class=\"elementor-element elementor-element-12acfa6 elementor-widget elementor-widget-text-editor\" data-id=\"12acfa6\" data-element_type=\"widget\" data-e-type=\"widget\" data-widget_type=\"text-editor.default\">\n\t\t\t\t<div class=\"elementor-widget-container\">\n\t\t\t\t\t\t\t\t\t<p>El equipo de <span style=\"text-decoration: underline;\"><a href=\"https:\/\/affdermaz.com\/es\/\">Dermatolog\u00eda afiliada<\/a><\/span> ha seleccionado una amplia pero espec\u00edfica colecci\u00f3n de productos para el cuidado de la piel y el bienestar personal, basados en la ciencia y orientados a los resultados. Los productos tambi\u00e9n complementan los servicios de dermatolog\u00eda est\u00e9tica que se ofrecen en nuestras oficinas de Scottsdale, Deer Valley, Anthem, Surprise, Gilbert, Tempe y Old Town. Durante su personal y completa consulta est\u00e9tica gratuita, nuestros expertos de la piel le ayudar\u00e1 con sus objetivos de cuidado de la piel y crear un plan de tratamiento s\u00f3lo para ti.<\/p>\t\t\t\t\t\t\t\t<\/div>\n\t\t\t\t<\/div>\n\t\t\t\t<div class=\"elementor-element elementor-element-2976c2b elementor-widget elementor-widget-text-editor\" data-id=\"2976c2b\" data-element_type=\"widget\" data-e-type=\"widget\" data-widget_type=\"text-editor.default\">\n\t\t\t\t<div class=\"elementor-widget-container\">\n\t\t\t\t\t\t\t\t\t<h2>\u00bfCu\u00e1les son los mejores productos para el cuidado de la piel?\u00a0<\/h2><p>Nuestros pacientes han sido testigos de primera mano de los beneficios de los productos de cuidado de la piel de primera calidad para una piel suave y saludable. Ofrecemos varias l\u00edneas de bienestar, de venta libre, y de grado m\u00e9dico productos para el cuidado de la piel en Phoenix, AZ para nutrir su piel y el cuerpo. Llevamos las siguientes l\u00edneas de productos:<\/p>\t\t\t\t\t\t\t\t<\/div>\n\t\t\t\t<\/div>\n\t\t\t\t<div class=\"elementor-element elementor-element-8c1cad0 elementor-widget elementor-widget-text-editor\" data-id=\"8c1cad0\" data-element_type=\"widget\" data-e-type=\"widget\" data-widget_type=\"text-editor.default\">\n\t\t\t\t<div class=\"elementor-widget-container\">\n\t\t\t\t\t\t\t\t\t<ul><li><a href=\"https:\/\/www.skinmedica.com\/\" target=\"_blank\" rel=\"noopener\">SkinMedica<\/a><\/li><li><a href=\"https:\/\/www.colorescience.com\/collections\/retailer-landing-page?designate-location=4286\" target=\"_blank\" rel=\"noopener\">Colorescience<\/a><\/li><li><a href=\"https:\/\/revisionskincare.com\/?scpid=31522\" target=\"_blank\" rel=\"noopener\">Revision Skincare<\/a><\/li><li>Piel PCA<\/li><li>EltaMD<\/li><li>La Roche-Posay<\/li><li><a href=\"https:\/\/growthpartner.nutrafol.com\/pages\/affderm\" target=\"_blank\" rel=\"noopener\">Nutrafol<\/a><\/li><li>&amp; \u00a1m\u00e1s!<\/li><\/ul>\t\t\t\t\t\t\t\t<\/div>\n\t\t\t\t<\/div>\n\t\t\t\t<div class=\"elementor-element elementor-element-60cef7c elementor-widget elementor-widget-text-editor\" data-id=\"60cef7c\" data-element_type=\"widget\" data-e-type=\"widget\" data-widget_type=\"text-editor.default\">\n\t\t\t\t<div class=\"elementor-widget-container\">\n\t\t\t\t\t\t\t\t\t<p>\u00bfQui\u00e9n no tiene un producto favorito para el cuidado de la piel? Tanto si tienes un limpiador o un SPF como si est\u00e1s enganchado a toda una l\u00ednea de productos, te ofrecemos nuestro programa de fidelizaci\u00f3n para todos nuestros productos de venta libre.<\/p>\t\t\t\t\t\t\t\t<\/div>\n\t\t\t\t<\/div>\n\t\t\t\t<div class=\"elementor-element elementor-element-dc7a218 elementor-widget elementor-widget-text-editor\" data-id=\"dc7a218\" data-element_type=\"widget\" data-e-type=\"widget\" data-widget_type=\"text-editor.default\">\n\t\t\t\t<div class=\"elementor-widget-container\">\n\t\t\t\t\t\t\t\t\t<p>\u00a1Sea ecol\u00f3gico con sus productos para el cuidado de la piel! En Affiliated Dermatology, ofrecemos un programa de reciclaje donde usted puede devolver sus botellas vac\u00edas de productos, que usted ha comprado en nuestra pr\u00e1ctica, y recibir 15% de descuento en su pr\u00f3xima compra de productos. \u00a1Pase por una de nuestras oficinas hoy para tomar su tarjeta de ponche-y no se olvide de preguntarnos acerca de nuestros viernes de doble ponche tambi\u00e9n!<\/p>\t\t\t\t\t\t\t\t<\/div>\n\t\t\t\t<\/div>\n\t\t\t\t\t<\/div>\n\t\t<\/div>\n\t\t\t\t\t<\/div>\n\t\t<\/section>\n\t\t\t\t<section class=\"elementor-section elementor-top-section elementor-element elementor-element-bef6107 elementor-section-boxed elementor-section-height-default elementor-section-height-default\" data-id=\"bef6107\" data-element_type=\"section\" data-e-type=\"section\">\n\t\t\t\t\t\t<div class=\"elementor-container elementor-column-gap-default\">\n\t\t\t\t\t<div class=\"elementor-column elementor-col-100 elementor-top-column elementor-element elementor-element-14c82cb\" data-id=\"14c82cb\" data-element_type=\"column\" data-e-type=\"column\">\n\t\t\t<div class=\"elementor-widget-wrap elementor-element-populated\">\n\t\t\t\t\t\t<div class=\"elementor-element elementor-element-7aea1a9 elementor-widget-divider--view-line elementor-widget elementor-widget-divider\" data-id=\"7aea1a9\" data-element_type=\"widget\" data-e-type=\"widget\" data-widget_type=\"divider.default\">\n\t\t\t\t<div class=\"elementor-widget-container\">\n\t\t\t\t\t\t\t<div class=\"elementor-divider\">\n\t\t\t<span class=\"elementor-divider-separator\">\n\t\t\t\t\t\t<\/span>\n\t\t<\/div>\n\t\t\t\t\t\t<\/div>\n\t\t\t\t<\/div>\n\t\t\t\t<div class=\"elementor-element elementor-element-e84d8c3 elementor-widget elementor-widget-heading\" data-id=\"e84d8c3\" data-element_type=\"widget\" data-e-type=\"widget\" data-widget_type=\"heading.default\">\n\t\t\t\t<div class=\"elementor-widget-container\">\n\t\t\t\t\t<h3 class=\"elementor-heading-title elementor-size-default\">Solicitar una cita<\/h3>\t\t\t\t<\/div>\n\t\t\t\t<\/div>\n\t\t\t\t<div class=\"elementor-element elementor-element-40a6fb3 elementor-widget elementor-widget-text-editor\" data-id=\"40a6fb3\" data-element_type=\"widget\" data-e-type=\"widget\" data-widget_type=\"text-editor.default\">\n\t\t\t\t<div class=\"elementor-widget-container\">\n\t\t\t\t\t\t\t\t\t<p>Si est\u00e1 listo para mejorar la salud y el aspecto de su piel, visite a los l\u00edderes en dermatolog\u00eda est\u00e9tica de Affiliated Dermatology. Para obtener m\u00e1s informaci\u00f3n o para programar una cita en uno de nuestros <a href=\"https:\/\/affdermaz.com\/es\/locations\/\">varias consultas de dermatolog\u00eda<\/a> en Arizona, p\u00f3ngase en contacto con nosotros llamando al<a href=\"tel:14805560446\"><strong> (480) 556-0446<\/strong><\/a> o dej\u00e1ndonos un mensaje con el siguiente formulario de contacto.<\/p>\t\t\t\t\t\t\t\t<\/div>\n\t\t\t\t<\/div>\n\t\t\t\t<div class=\"elementor-element elementor-element-3f894f0 elementor-widget elementor-widget-text-editor\" data-id=\"3f894f0\" data-element_type=\"widget\" data-e-type=\"widget\" data-widget_type=\"text-editor.default\">\n\t\t\t\t<div class=\"elementor-widget-container\">\n\t\t\t\t\t\t\t\t\t<div class=\"_form_33\"><\/div><script src=\"https:\/\/affderm.dewy.io\/f\/embed.php?id=33\" type=\"text\/javascript\" charset=\"utf-8\"><\/script>\t\t\t\t\t\t\t\t<\/div>\n\t\t\t\t<\/div>\n\t\t\t\t\t<\/div>\n\t\t<\/div>\n\t\t\t\t\t<\/div>\n\t\t<\/section>\n\t\t\t\t<section class=\"elementor-section elementor-top-section elementor-element elementor-element-f588fec elementor-section-boxed elementor-section-height-default elementor-section-height-default\" data-id=\"f588fec\" data-element_type=\"section\" data-e-type=\"section\">\n\t\t\t\t\t\t<div class=\"elementor-container elementor-column-gap-default\">\n\t\t\t\t\t<div class=\"elementor-column elementor-col-66 elementor-top-column elementor-element elementor-element-fd7b094\" data-id=\"fd7b094\" data-element_type=\"column\" data-e-type=\"column\">\n\t\t\t<div class=\"elementor-widget-wrap\">\n\t\t\t\t\t\t\t<\/div>\n\t\t<\/div>\n\t\t\t\t<div class=\"elementor-column elementor-col-33 elementor-top-column elementor-element elementor-element-5637b4b\" data-id=\"5637b4b\" data-element_type=\"column\" data-e-type=\"column\">\n\t\t\t<div class=\"elementor-widget-wrap\">\n\t\t\t\t\t\t\t<\/div>\n\t\t<\/div>\n\t\t\t\t\t<\/div>\n\t\t<\/section>\n\t\t\t\t<section class=\"elementor-section elementor-top-section elementor-element elementor-element-9e63280 elementor-section-boxed elementor-section-height-default elementor-section-height-default\" data-id=\"9e63280\" data-element_type=\"section\" data-e-type=\"section\">\n\t\t\t\t\t\t<div class=\"elementor-container elementor-column-gap-default\">\n\t\t\t\t\t<div class=\"elementor-column elementor-col-100 elementor-top-column elementor-element elementor-element-1b216d5\" data-id=\"1b216d5\" data-element_type=\"column\" data-e-type=\"column\">\n\t\t\t<div class=\"elementor-widget-wrap elementor-element-populated\">\n\t\t\t\t\t\t<section class=\"elementor-section elementor-inner-section elementor-element elementor-element-c61caad elementor-section-full_width elementor-section-height-default elementor-section-height-default\" data-id=\"c61caad\" data-element_type=\"section\" data-e-type=\"section\" data-settings=\"{&quot;background_background&quot;:&quot;classic&quot;}\">\n\t\t\t\t\t\t<div class=\"elementor-container elementor-column-gap-default\">\n\t\t\t\t\t<div class=\"elementor-column elementor-col-100 elementor-inner-column elementor-element elementor-element-99091ca\" data-id=\"99091ca\" data-element_type=\"column\" data-e-type=\"column\">\n\t\t\t<div class=\"elementor-widget-wrap elementor-element-populated\">\n\t\t\t\t\t\t<div class=\"elementor-element elementor-element-a17691f elementor-widget elementor-widget-heading\" data-id=\"a17691f\" data-element_type=\"widget\" data-e-type=\"widget\" data-widget_type=\"heading.default\">\n\t\t\t\t<div class=\"elementor-widget-container\">\n\t\t\t\t\t<h3 class=\"elementor-heading-title elementor-size-default\">Concertar una cita<\/h3>\t\t\t\t<\/div>\n\t\t\t\t<\/div>\n\t\t\t\t<div class=\"elementor-element elementor-element-67f3fab elementor-widget elementor-widget-text-editor\" data-id=\"67f3fab\" data-element_type=\"widget\" data-e-type=\"widget\" data-widget_type=\"text-editor.default\">\n\t\t\t\t<div class=\"elementor-widget-container\">\n\t\t\t\t\t\t\t\t\t<p>Tanto si desea recibir tratamiento para una afecci\u00f3n cut\u00e1nea como para un procedimiento est\u00e9tico, puede estar seguro de que ser\u00e1 tratado con atenci\u00f3n profesional y personal por uno de nuestros expertos en el cuidado de la piel. No dude en llamarnos al <a href=\"tel:14805560446\"><strong>(480) 556-0446<\/strong><\/a> o d\u00e9jenos un mensaje en l\u00ednea utilizando nuestro <a href=\"https:\/\/affdermaz.com\/es\/contact-us\/\"><strong>Contacte<\/strong><\/a> forma.<\/p>\t\t\t\t\t\t\t\t<\/div>\n\t\t\t\t<\/div>\n\t\t\t\t\t<\/div>\n\t\t<\/div>\n\t\t\t\t\t<\/div>\n\t\t<\/section>\n\t\t\t\t<section class=\"elementor-section elementor-inner-section elementor-element elementor-element-52711ad elementor-section-full_width elementor-section-height-default elementor-section-height-default\" data-id=\"52711ad\" data-element_type=\"section\" data-e-type=\"section\" data-settings=\"{&quot;background_background&quot;:&quot;classic&quot;}\">\n\t\t\t\t\t\t<div class=\"elementor-container elementor-column-gap-default\">\n\t\t\t\t\t<div class=\"elementor-column elementor-col-100 elementor-inner-column elementor-element elementor-element-1e32910\" data-id=\"1e32910\" data-element_type=\"column\" data-e-type=\"column\">\n\t\t\t<div class=\"elementor-widget-wrap elementor-element-populated\">\n\t\t\t\t\t\t<div class=\"elementor-element elementor-element-6a03f24 elementor-widget elementor-widget-button\" data-id=\"6a03f24\" data-element_type=\"widget\" data-e-type=\"widget\" data-widget_type=\"button.default\">\n\t\t\t\t<div class=\"elementor-widget-container\">\n\t\t\t\t\t\t\t\t\t<div class=\"elementor-button-wrapper\">\n\t\t\t\t\t<a class=\"elementor-button elementor-button-link elementor-size-sm\" href=\"https:\/\/l.klara.com\/R9YiMF6k4Ux8PCxU\" target=\"_blank\">\n\t\t\t\t\t\t<span class=\"elementor-button-content-wrapper\">\n\t\t\t\t\t\t\t\t\t<span class=\"elementor-button-text\">Concertar una cita<\/span>\n\t\t\t\t\t<\/span>\n\t\t\t\t\t<\/a>\n\t\t\t\t<\/div>\n\t\t\t\t\t\t\t\t<\/div>\n\t\t\t\t<\/div>\n\t\t\t\t\t<\/div>\n\t\t<\/div>\n\t\t\t\t\t<\/div>\n\t\t<\/section>\n\t\t\t\t\t<\/div>\n\t\t<\/div>\n\t\t\t\t\t<\/div>\n\t\t<\/section>\n\t\t\t\t<\/div>","protected":false},"excerpt":{"rendered":"<p>Skin Care &amp; Wellness Products The team at Affiliated Dermatology has hand-selected an extensive, yet specific collection of personal skincare [&hellip;]<\/p>\n","protected":false},"author":1,"featured_media":0,"parent":718,"menu_order":0,"comment_status":"closed","ping_status":"closed","template":"elementor_header_footer","meta":{"_acf_changed":false,"footnotes":""},"class_list":["post-1020","page","type-page","status-publish","hentry"],"acf":[],"yoast_head":"<!-- This site is optimized with the Yoast SEO plugin v27.5 - https:\/\/yoast.com\/product\/yoast-seo-wordpress\/ -->\n<title>Skin Care &amp; Wellness Products in Phoenix, AZ | Affiliated Dermatology<\/title>\n<meta name=\"description\" content=\"Our skin care products provide real results to help you achieve your skin goals in Phoenix, Scottsdale, Tempe, Gilbert, Surprise, Anthem, and Ahwatukee, AZ.\" \/>\n<meta name=\"robots\" content=\"noindex, follow\" \/>\n<meta property=\"og:locale\" content=\"es_MX\" \/>\n<meta property=\"og:type\" content=\"article\" \/>\n<meta property=\"og:title\" content=\"Skin Care &amp; Wellness Products in Phoenix, AZ | Affiliated Dermatology\" \/>\n<meta property=\"og:description\" content=\"Our skin care products provide real results to help you achieve your skin goals in Phoenix, Scottsdale, Tempe, Gilbert, Surprise, Anthem, and Ahwatukee, AZ.\" \/>\n<meta property=\"og:url\" content=\"https:\/\/affdermaz.com\/es\/services\/aesthetic-dermatology\/skin-care-wellness-products\/\" \/>\n<meta property=\"og:site_name\" content=\"Affiliated Dermatology\" \/>\n<meta property=\"article:modified_time\" content=\"2026-04-15T20:01:04+00:00\" \/>\n<meta property=\"og:image\" content=\"https:\/\/affdermaz.com\/wp-content\/uploads\/2022\/03\/affiliated-dermtology-skin-care-product-lines.png\" \/>\n<meta name=\"twitter:card\" content=\"summary_large_image\" \/>\n<meta name=\"twitter:label1\" content=\"Tiempo de lectura\" \/>\n\t<meta name=\"twitter:data1\" content=\"3 minutos\" \/>\n<script type=\"application\/ld+json\" class=\"yoast-schema-graph\">{\"@context\":\"https:\\\/\\\/schema.org\",\"@graph\":[{\"@type\":\"WebPage\",\"@id\":\"https:\\\/\\\/affdermaz.com\\\/services\\\/aesthetic-dermatology\\\/skin-care-wellness-products\\\/\",\"url\":\"https:\\\/\\\/affdermaz.com\\\/services\\\/aesthetic-dermatology\\\/skin-care-wellness-products\\\/\",\"name\":\"Skin Care & Wellness Products in Phoenix, AZ | Affiliated Dermatology\",\"isPartOf\":{\"@id\":\"https:\\\/\\\/affdermaz.com\\\/#website\"},\"primaryImageOfPage\":{\"@id\":\"https:\\\/\\\/affdermaz.com\\\/services\\\/aesthetic-dermatology\\\/skin-care-wellness-products\\\/#primaryimage\"},\"image\":{\"@id\":\"https:\\\/\\\/affdermaz.com\\\/services\\\/aesthetic-dermatology\\\/skin-care-wellness-products\\\/#primaryimage\"},\"thumbnailUrl\":\"https:\\\/\\\/affdermaz.com\\\/wp-content\\\/uploads\\\/2022\\\/03\\\/affiliated-dermtology-skin-care-product-lines.png\",\"datePublished\":\"2022-03-07T11:41:44+00:00\",\"dateModified\":\"2026-04-15T20:01:04+00:00\",\"description\":\"Our skin care products provide real results to help you achieve your skin goals in Phoenix, Scottsdale, Tempe, Gilbert, Surprise, Anthem, and Ahwatukee, AZ.\",\"breadcrumb\":{\"@id\":\"https:\\\/\\\/affdermaz.com\\\/services\\\/aesthetic-dermatology\\\/skin-care-wellness-products\\\/#breadcrumb\"},\"inLanguage\":\"es\",\"potentialAction\":[{\"@type\":\"ReadAction\",\"target\":[\"https:\\\/\\\/affdermaz.com\\\/services\\\/aesthetic-dermatology\\\/skin-care-wellness-products\\\/\"]}]},{\"@type\":\"ImageObject\",\"inLanguage\":\"es\",\"@id\":\"https:\\\/\\\/affdermaz.com\\\/services\\\/aesthetic-dermatology\\\/skin-care-wellness-products\\\/#primaryimage\",\"url\":\"https:\\\/\\\/affdermaz.com\\\/wp-content\\\/uploads\\\/2022\\\/03\\\/affiliated-dermtology-skin-care-product-lines.png\",\"contentUrl\":\"https:\\\/\\\/affdermaz.com\\\/wp-content\\\/uploads\\\/2022\\\/03\\\/affiliated-dermtology-skin-care-product-lines.png\"},{\"@type\":\"BreadcrumbList\",\"@id\":\"https:\\\/\\\/affdermaz.com\\\/services\\\/aesthetic-dermatology\\\/skin-care-wellness-products\\\/#breadcrumb\",\"itemListElement\":[{\"@type\":\"ListItem\",\"position\":1,\"name\":\"Home\",\"item\":\"https:\\\/\\\/affdermaz.com\\\/\"},{\"@type\":\"ListItem\",\"position\":2,\"name\":\"Services\",\"item\":\"https:\\\/\\\/affdermaz.com\\\/services\\\/\"},{\"@type\":\"ListItem\",\"position\":3,\"name\":\"Aesthetic Dermatology\",\"item\":\"https:\\\/\\\/affdermaz.com\\\/services\\\/aesthetic-dermatology\\\/\"},{\"@type\":\"ListItem\",\"position\":4,\"name\":\"Skin Care Wellness Products\"}]},{\"@type\":\"WebSite\",\"@id\":\"https:\\\/\\\/affdermaz.com\\\/#website\",\"url\":\"https:\\\/\\\/affdermaz.com\\\/\",\"name\":\"Affiliated Dermatology\",\"description\":\"Experts in Skin Disease Treatment &amp; Prevention\",\"potentialAction\":[{\"@type\":\"SearchAction\",\"target\":{\"@type\":\"EntryPoint\",\"urlTemplate\":\"https:\\\/\\\/affdermaz.com\\\/?s={search_term_string}\"},\"query-input\":{\"@type\":\"PropertyValueSpecification\",\"valueRequired\":true,\"valueName\":\"search_term_string\"}}],\"inLanguage\":\"es\"}]}<\/script>\n<!-- \/ Yoast SEO plugin. -->","yoast_head_json":{"title":"Productos para el cuidado y bienestar de la piel en Phoenix, AZ | Affiliated Dermatology","description":"Nuestros productos de cuidado de la piel proporcionan resultados reales para ayudarle a alcanzar sus objetivos de la piel en Phoenix, Scottsdale, Tempe, Gilbert, Surprise, Anthem, y Ahwatukee, AZ.","robots":{"index":"noindex","follow":"follow"},"og_locale":"es_MX","og_type":"article","og_title":"Skin Care & Wellness Products in Phoenix, AZ | Affiliated Dermatology","og_description":"Our skin care products provide real results to help you achieve your skin goals in Phoenix, Scottsdale, Tempe, Gilbert, Surprise, Anthem, and Ahwatukee, AZ.","og_url":"https:\/\/affdermaz.com\/es\/services\/aesthetic-dermatology\/skin-care-wellness-products\/","og_site_name":"Affiliated Dermatology","article_modified_time":"2026-04-15T20:01:04+00:00","og_image":[{"url":"https:\/\/affdermaz.com\/wp-content\/uploads\/2022\/03\/affiliated-dermtology-skin-care-product-lines.png","type":"","width":"","height":""}],"twitter_card":"summary_large_image","twitter_misc":{"Tiempo de lectura":"3 minutos"},"schema":{"@context":"https:\/\/schema.org","@graph":[{"@type":"WebPage","@id":"https:\/\/affdermaz.com\/services\/aesthetic-dermatology\/skin-care-wellness-products\/","url":"https:\/\/affdermaz.com\/services\/aesthetic-dermatology\/skin-care-wellness-products\/","name":"Productos para el cuidado y bienestar de la piel en Phoenix, AZ | Affiliated Dermatology","isPartOf":{"@id":"https:\/\/affdermaz.com\/#website"},"primaryImageOfPage":{"@id":"https:\/\/affdermaz.com\/services\/aesthetic-dermatology\/skin-care-wellness-products\/#primaryimage"},"image":{"@id":"https:\/\/affdermaz.com\/services\/aesthetic-dermatology\/skin-care-wellness-products\/#primaryimage"},"thumbnailUrl":"https:\/\/affdermaz.com\/wp-content\/uploads\/2022\/03\/affiliated-dermtology-skin-care-product-lines.png","datePublished":"2022-03-07T11:41:44+00:00","dateModified":"2026-04-15T20:01:04+00:00","description":"Nuestros productos de cuidado de la piel proporcionan resultados reales para ayudarle a alcanzar sus objetivos de la piel en Phoenix, Scottsdale, Tempe, Gilbert, Surprise, Anthem, y Ahwatukee, AZ.","breadcrumb":{"@id":"https:\/\/affdermaz.com\/services\/aesthetic-dermatology\/skin-care-wellness-products\/#breadcrumb"},"inLanguage":"es","potentialAction":[{"@type":"ReadAction","target":["https:\/\/affdermaz.com\/services\/aesthetic-dermatology\/skin-care-wellness-products\/"]}]},{"@type":"ImageObject","inLanguage":"es","@id":"https:\/\/affdermaz.com\/services\/aesthetic-dermatology\/skin-care-wellness-products\/#primaryimage","url":"https:\/\/affdermaz.com\/wp-content\/uploads\/2022\/03\/affiliated-dermtology-skin-care-product-lines.png","contentUrl":"https:\/\/affdermaz.com\/wp-content\/uploads\/2022\/03\/affiliated-dermtology-skin-care-product-lines.png"},{"@type":"BreadcrumbList","@id":"https:\/\/affdermaz.com\/services\/aesthetic-dermatology\/skin-care-wellness-products\/#breadcrumb","itemListElement":[{"@type":"ListItem","position":1,"name":"Home","item":"https:\/\/affdermaz.com\/"},{"@type":"ListItem","position":2,"name":"Services","item":"https:\/\/affdermaz.com\/services\/"},{"@type":"ListItem","position":3,"name":"Aesthetic Dermatology","item":"https:\/\/affdermaz.com\/services\/aesthetic-dermatology\/"},{"@type":"ListItem","position":4,"name":"Skin Care Wellness Products"}]},{"@type":"WebSite","@id":"https:\/\/affdermaz.com\/#website","url":"https:\/\/affdermaz.com\/","name":"Dermatolog\u00eda afiliada","description":"Expertos en tratamiento y prevenci\u00f3n de enfermedades cut\u00e1neas","potentialAction":[{"@type":"SearchAction","target":{"@type":"EntryPoint","urlTemplate":"https:\/\/affdermaz.com\/?s={search_term_string}"},"query-input":{"@type":"PropertyValueSpecification","valueRequired":true,"valueName":"search_term_string"}}],"inLanguage":"es"}]}},"jetpack_sharing_enabled":true,"jetpack_likes_enabled":true,"_links":{"self":[{"href":"https:\/\/affdermaz.com\/es\/wp-json\/wp\/v2\/pages\/1020","targetHints":{"allow":["GET"]}}],"collection":[{"href":"https:\/\/affdermaz.com\/es\/wp-json\/wp\/v2\/pages"}],"about":[{"href":"https:\/\/affdermaz.com\/es\/wp-json\/wp\/v2\/types\/page"}],"author":[{"embeddable":true,"href":"https:\/\/affdermaz.com\/es\/wp-json\/wp\/v2\/users\/1"}],"replies":[{"embeddable":true,"href":"https:\/\/affdermaz.com\/es\/wp-json\/wp\/v2\/comments?post=1020"}],"version-history":[{"count":0,"href":"https:\/\/affdermaz.com\/es\/wp-json\/wp\/v2\/pages\/1020\/revisions"}],"up":[{"embeddable":true,"href":"https:\/\/affdermaz.com\/es\/wp-json\/wp\/v2\/pages\/718"}],"wp:attachment":[{"href":"https:\/\/affdermaz.com\/es\/wp-json\/wp\/v2\/media?parent=1020"}],"curies":[{"name":"wp","href":"https:\/\/api.w.org\/{rel}","templated":true}]}}