{"id":1090,"date":"2022-03-08T06:29:33","date_gmt":"2022-03-08T06:29:33","guid":{"rendered":"http:\/\/120.72.95.94:55147\/?page_id=1090"},"modified":"2025-03-13T12:30:18","modified_gmt":"2025-03-13T19:30:18","slug":"asthma-testing","status":"publish","type":"page","link":"https:\/\/affdermaz.com\/es\/services\/allergy-testing\/asthma-testing\/","title":{"rendered":"Pruebas del asma"},"content":{"rendered":"<div data-elementor-type=\"wp-page\" data-elementor-id=\"1090\" class=\"elementor elementor-1090\">\n\t\t\t\t\t\t<section class=\"elementor-section elementor-top-section elementor-element elementor-element-42c00b1 elementor-section-boxed elementor-section-height-default elementor-section-height-default\" data-id=\"42c00b1\" data-element_type=\"section\" data-e-type=\"section\" data-settings=\"{&quot;background_background&quot;:&quot;classic&quot;}\">\n\t\t\t\t\t\t\t<div class=\"elementor-background-overlay\"><\/div>\n\t\t\t\t\t\t\t<div class=\"elementor-container elementor-column-gap-default\">\n\t\t\t\t\t<div class=\"elementor-column elementor-col-100 elementor-top-column elementor-element elementor-element-818bfdb\" data-id=\"818bfdb\" data-element_type=\"column\" data-e-type=\"column\">\n\t\t\t<div class=\"elementor-widget-wrap elementor-element-populated\">\n\t\t\t\t\t\t<div class=\"elementor-element elementor-element-ca90c7c elementor-widget elementor-widget-heading\" data-id=\"ca90c7c\" data-element_type=\"widget\" data-e-type=\"widget\" data-widget_type=\"heading.default\">\n\t\t\t\t<div class=\"elementor-widget-container\">\n\t\t\t\t\t<h2 class=\"elementor-heading-title elementor-size-default\">Pruebas del asma<\/h2>\t\t\t\t<\/div>\n\t\t\t\t<\/div>\n\t\t\t\t\t<\/div>\n\t\t<\/div>\n\t\t\t\t\t<\/div>\n\t\t<\/section>\n\t\t\t\t<section class=\"elementor-section elementor-top-section elementor-element elementor-element-18ea388 elementor-section-boxed elementor-section-height-default elementor-section-height-default\" data-id=\"18ea388\" data-element_type=\"section\" data-e-type=\"section\">\n\t\t\t\t\t\t<div class=\"elementor-container elementor-column-gap-default\">\n\t\t\t\t\t<div class=\"elementor-column elementor-col-100 elementor-top-column elementor-element elementor-element-b8609a5\" data-id=\"b8609a5\" data-element_type=\"column\" data-e-type=\"column\">\n\t\t\t<div class=\"elementor-widget-wrap elementor-element-populated\">\n\t\t\t\t\t\t<div class=\"elementor-element elementor-element-470e916 img-happy-rt elementor-widget elementor-widget-image\" data-id=\"470e916\" data-element_type=\"widget\" data-e-type=\"widget\" data-widget_type=\"image.default\">\n\t\t\t\t<div class=\"elementor-widget-container\">\n\t\t\t\t\t\t\t\t\t\t\t\t\t\t\t<img loading=\"lazy\" decoding=\"async\" width=\"1225\" height=\"440\" src=\"https:\/\/i0.wp.com\/affdermaz.com\/wp-content\/uploads\/2022\/03\/affiliated-dermtology-asthma.png?fit=1225%2C440&amp;ssl=1\" class=\"attachment-full size-full wp-image-1092\" alt=\"\" srcset=\"https:\/\/i0.wp.com\/affdermaz.com\/wp-content\/uploads\/2022\/03\/affiliated-dermtology-asthma.png?w=1225&amp;ssl=1 1225w, https:\/\/i0.wp.com\/affdermaz.com\/wp-content\/uploads\/2022\/03\/affiliated-dermtology-asthma.png?resize=800%2C287&amp;ssl=1 800w, https:\/\/i0.wp.com\/affdermaz.com\/wp-content\/uploads\/2022\/03\/affiliated-dermtology-asthma.png?resize=1200%2C431&amp;ssl=1 1200w, https:\/\/i0.wp.com\/affdermaz.com\/wp-content\/uploads\/2022\/03\/affiliated-dermtology-asthma.png?resize=768%2C276&amp;ssl=1 768w\" sizes=\"auto, (max-width: 800px) 100vw, 800px\" \/>\t\t\t\t\t\t\t\t\t\t\t\t\t\t\t<\/div>\n\t\t\t\t<\/div>\n\t\t\t\t\t<\/div>\n\t\t<\/div>\n\t\t\t\t\t<\/div>\n\t\t<\/section>\n\t\t\t\t<section class=\"elementor-section elementor-top-section elementor-element elementor-element-1584f48 elementor-section-boxed elementor-section-height-default elementor-section-height-default\" data-id=\"1584f48\" data-element_type=\"section\" data-e-type=\"section\">\n\t\t\t\t\t\t<div class=\"elementor-container elementor-column-gap-default\">\n\t\t\t\t\t<div class=\"elementor-column elementor-col-100 elementor-top-column elementor-element elementor-element-ba6e248\" data-id=\"ba6e248\" data-element_type=\"column\" data-e-type=\"column\">\n\t\t\t<div class=\"elementor-widget-wrap elementor-element-populated\">\n\t\t\t\t\t\t<div class=\"elementor-element elementor-element-2c264dd elementor-widget elementor-widget-text-editor\" data-id=\"2c264dd\" data-element_type=\"widget\" data-e-type=\"widget\" data-widget_type=\"text-editor.default\">\n\t\t\t\t<div class=\"elementor-widget-container\">\n\t\t\t\t\t\t\t\t\t<p>Las pruebas de alergia y asma son una forma de llegar al fondo de lo que est\u00e1 causando su asma <a href=\"https:\/\/www.webmd.com\/asthma\/asthma-symptoms#1\" target=\"_blank\" rel=\"noopener\">s\u00edntomas<\/a> ya que ayudan a su m\u00e9dico a determinar si las alergias desencadenan su asma. Muchas personas con asma son al\u00e9rgicas a part\u00edculas diminutas (al\u00e9rgenos) que respiran. Ejemplos de al\u00e9rgenos transportados por el aire son el polen de las gram\u00edneas, los \u00e1rboles y las malas hierbas, las esporas del moho, la caspa de los animales y los \u00e1caros del polvo. Por ello, las pruebas del asma son extremadamente importantes para determinar cu\u00e1les pueden ser o no sus desencadenantes.<\/p>\t\t\t\t\t\t\t\t<\/div>\n\t\t\t\t<\/div>\n\t\t\t\t<div class=\"elementor-element elementor-element-cd6a169 elementor-widget elementor-widget-text-editor\" data-id=\"cd6a169\" data-element_type=\"widget\" data-e-type=\"widget\" data-widget_type=\"text-editor.default\">\n\t\t\t\t<div class=\"elementor-widget-container\">\n\t\t\t\t\t\t\t\t\t<p>La inhalaci\u00f3n diaria de al\u00e9rgenos a los que es sensible puede empeorar la inflamaci\u00f3n de los bronquios en el asma. Adem\u00e1s, puede hacer que su asma se vuelva m\u00e1s activa (lo que significa que es m\u00e1s probable que tenga tos, sibilancias, dificultad para respirar, opresi\u00f3n en el pecho o despertares nocturnos por los s\u00edntomas del asma) y que tenga m\u00e1s probabilidades de sufrir un ataque grave de asma.<\/p>\t\t\t\t\t\t\t\t<\/div>\n\t\t\t\t<\/div>\n\t\t\t\t\t<\/div>\n\t\t<\/div>\n\t\t\t\t\t<\/div>\n\t\t<\/section>\n\t\t\t\t<section class=\"elementor-section elementor-top-section elementor-element elementor-element-bef6107 elementor-section-boxed elementor-section-height-default elementor-section-height-default\" data-id=\"bef6107\" data-element_type=\"section\" data-e-type=\"section\">\n\t\t\t\t\t\t<div class=\"elementor-container elementor-column-gap-default\">\n\t\t\t\t\t<div class=\"elementor-column elementor-col-100 elementor-top-column elementor-element elementor-element-14c82cb\" data-id=\"14c82cb\" data-element_type=\"column\" data-e-type=\"column\">\n\t\t\t<div class=\"elementor-widget-wrap elementor-element-populated\">\n\t\t\t\t\t\t<div class=\"elementor-element elementor-element-7aea1a9 elementor-widget-divider--view-line elementor-widget elementor-widget-divider\" data-id=\"7aea1a9\" data-element_type=\"widget\" data-e-type=\"widget\" data-widget_type=\"divider.default\">\n\t\t\t\t<div class=\"elementor-widget-container\">\n\t\t\t\t\t\t\t<div class=\"elementor-divider\">\n\t\t\t<span class=\"elementor-divider-separator\">\n\t\t\t\t\t\t<\/span>\n\t\t<\/div>\n\t\t\t\t\t\t<\/div>\n\t\t\t\t<\/div>\n\t\t\t\t<div class=\"elementor-element elementor-element-e84d8c3 elementor-widget elementor-widget-heading\" data-id=\"e84d8c3\" data-element_type=\"widget\" data-e-type=\"widget\" data-widget_type=\"heading.default\">\n\t\t\t\t<div class=\"elementor-widget-container\">\n\t\t\t\t\t<h3 class=\"elementor-heading-title elementor-size-default\">Solicitar una cita<\/h3>\t\t\t\t<\/div>\n\t\t\t\t<\/div>\n\t\t\t\t<div class=\"elementor-element elementor-element-40a6fb3 elementor-widget elementor-widget-text-editor\" data-id=\"40a6fb3\" data-element_type=\"widget\" data-e-type=\"widget\" data-widget_type=\"text-editor.default\">\n\t\t\t\t<div class=\"elementor-widget-container\">\n\t\t\t\t\t\t\t\t\t<p>Si desea m\u00e1s informaci\u00f3n o concertar una cita para someterse a una prueba de asma en uno de nuestros <a href=\"https:\/\/affdermaz.com\/es\/locations\/\">varias consultas de dermatolog\u00eda<\/a> en Arizona, p\u00f3ngase en contacto con nosotros llamando al <a href=\"tel:14805560446\"><strong>(480) 556-0446<\/strong><\/a> o dej\u00e1ndonos un mensaje con el siguiente formulario de contacto.<\/p>\t\t\t\t\t\t\t\t<\/div>\n\t\t\t\t<\/div>\n\t\t\t\t<div class=\"elementor-element elementor-element-a3e2850 elementor-widget elementor-widget-text-editor\" data-id=\"a3e2850\" data-element_type=\"widget\" data-e-type=\"widget\" data-widget_type=\"text-editor.default\">\n\t\t\t\t<div class=\"elementor-widget-container\">\n\t\t\t\t\t\t\t\t\t<div class=\"_form_33\"><\/div><script src=\"https:\/\/affderm.dewy.io\/f\/embed.php?id=33\" type=\"text\/javascript\" charset=\"utf-8\"><\/script>\t\t\t\t\t\t\t\t<\/div>\n\t\t\t\t<\/div>\n\t\t\t\t\t<\/div>\n\t\t<\/div>\n\t\t\t\t\t<\/div>\n\t\t<\/section>\n\t\t\t\t<section class=\"elementor-section elementor-top-section elementor-element elementor-element-f588fec elementor-section-boxed elementor-section-height-default elementor-section-height-default\" data-id=\"f588fec\" data-element_type=\"section\" data-e-type=\"section\">\n\t\t\t\t\t\t<div class=\"elementor-container elementor-column-gap-default\">\n\t\t\t\t\t<div class=\"elementor-column elementor-col-66 elementor-top-column elementor-element elementor-element-fd7b094\" data-id=\"fd7b094\" data-element_type=\"column\" data-e-type=\"column\">\n\t\t\t<div class=\"elementor-widget-wrap\">\n\t\t\t\t\t\t\t<\/div>\n\t\t<\/div>\n\t\t\t\t<div class=\"elementor-column elementor-col-33 elementor-top-column elementor-element elementor-element-5637b4b\" data-id=\"5637b4b\" data-element_type=\"column\" data-e-type=\"column\">\n\t\t\t<div class=\"elementor-widget-wrap\">\n\t\t\t\t\t\t\t<\/div>\n\t\t<\/div>\n\t\t\t\t\t<\/div>\n\t\t<\/section>\n\t\t\t\t<section class=\"elementor-section elementor-top-section elementor-element elementor-element-27f3f4b elementor-section-boxed elementor-section-height-default elementor-section-height-default\" data-id=\"27f3f4b\" data-element_type=\"section\" data-e-type=\"section\">\n\t\t\t\t\t\t<div class=\"elementor-container elementor-column-gap-default\">\n\t\t\t\t\t<div class=\"elementor-column elementor-col-100 elementor-top-column elementor-element elementor-element-bddcbba\" data-id=\"bddcbba\" data-element_type=\"column\" data-e-type=\"column\">\n\t\t\t<div class=\"elementor-widget-wrap elementor-element-populated\">\n\t\t\t\t\t\t<section class=\"elementor-section elementor-inner-section elementor-element elementor-element-f0ec308 elementor-section-full_width elementor-section-height-default elementor-section-height-default\" data-id=\"f0ec308\" data-element_type=\"section\" data-e-type=\"section\" data-settings=\"{&quot;background_background&quot;:&quot;classic&quot;}\">\n\t\t\t\t\t\t<div class=\"elementor-container elementor-column-gap-default\">\n\t\t\t\t\t<div class=\"elementor-column elementor-col-100 elementor-inner-column elementor-element elementor-element-64f227d\" data-id=\"64f227d\" data-element_type=\"column\" data-e-type=\"column\">\n\t\t\t<div class=\"elementor-widget-wrap elementor-element-populated\">\n\t\t\t\t\t\t<div class=\"elementor-element elementor-element-75898fc elementor-widget elementor-widget-heading\" data-id=\"75898fc\" data-element_type=\"widget\" data-e-type=\"widget\" data-widget_type=\"heading.default\">\n\t\t\t\t<div class=\"elementor-widget-container\">\n\t\t\t\t\t<h3 class=\"elementor-heading-title elementor-size-default\">Concertar una cita<\/h3>\t\t\t\t<\/div>\n\t\t\t\t<\/div>\n\t\t\t\t<div class=\"elementor-element elementor-element-f98b1bd elementor-widget elementor-widget-text-editor\" data-id=\"f98b1bd\" data-element_type=\"widget\" data-e-type=\"widget\" data-widget_type=\"text-editor.default\">\n\t\t\t\t<div class=\"elementor-widget-container\">\n\t\t\t\t\t\t\t\t\t<p>Tanto si desea recibir tratamiento para una afecci\u00f3n cut\u00e1nea como para un procedimiento est\u00e9tico, puede estar seguro de que ser\u00e1 tratado con atenci\u00f3n profesional y personal por uno de nuestros expertos en el cuidado de la piel. No dude en llamarnos al <a href=\"tel:14805560446\"><strong>(480) 556-0446<\/strong><\/a> o d\u00e9jenos un mensaje en l\u00ednea utilizando nuestro <a href=\"https:\/\/affdermaz.com\/es\/contact-us\/\"><strong>Contacte<\/strong><\/a> forma.<\/p>\t\t\t\t\t\t\t\t<\/div>\n\t\t\t\t<\/div>\n\t\t\t\t\t<\/div>\n\t\t<\/div>\n\t\t\t\t\t<\/div>\n\t\t<\/section>\n\t\t\t\t<section class=\"elementor-section elementor-inner-section elementor-element elementor-element-c0c5430 elementor-section-full_width elementor-section-height-default elementor-section-height-default\" data-id=\"c0c5430\" data-element_type=\"section\" data-e-type=\"section\" data-settings=\"{&quot;background_background&quot;:&quot;classic&quot;}\">\n\t\t\t\t\t\t<div class=\"elementor-container elementor-column-gap-default\">\n\t\t\t\t\t<div class=\"elementor-column elementor-col-100 elementor-inner-column elementor-element elementor-element-02585e2\" data-id=\"02585e2\" data-element_type=\"column\" data-e-type=\"column\">\n\t\t\t<div class=\"elementor-widget-wrap elementor-element-populated\">\n\t\t\t\t\t\t<div class=\"elementor-element elementor-element-7ce3077 elementor-widget elementor-widget-button\" data-id=\"7ce3077\" data-element_type=\"widget\" data-e-type=\"widget\" data-widget_type=\"button.default\">\n\t\t\t\t<div class=\"elementor-widget-container\">\n\t\t\t\t\t\t\t\t\t<div class=\"elementor-button-wrapper\">\n\t\t\t\t\t<a class=\"elementor-button elementor-button-link elementor-size-sm\" href=\"https:\/\/l.klara.com\/R9YiMF6k4Ux8PCxU\" target=\"_blank\">\n\t\t\t\t\t\t<span class=\"elementor-button-content-wrapper\">\n\t\t\t\t\t\t\t\t\t<span class=\"elementor-button-text\">Concertar una cita<\/span>\n\t\t\t\t\t<\/span>\n\t\t\t\t\t<\/a>\n\t\t\t\t<\/div>\n\t\t\t\t\t\t\t\t<\/div>\n\t\t\t\t<\/div>\n\t\t\t\t\t<\/div>\n\t\t<\/div>\n\t\t\t\t\t<\/div>\n\t\t<\/section>\n\t\t\t\t\t<\/div>\n\t\t<\/div>\n\t\t\t\t\t<\/div>\n\t\t<\/section>\n\t\t\t\t<\/div>","protected":false},"excerpt":{"rendered":"<p>Asthma Testing Allergy and asthma tests are a way to get to the bottom of what\u2019s causing your asthma symptoms [&hellip;]<\/p>\n","protected":false},"author":1,"featured_media":0,"parent":1068,"menu_order":0,"comment_status":"closed","ping_status":"closed","template":"elementor_header_footer","meta":{"_acf_changed":false,"footnotes":""},"class_list":["post-1090","page","type-page","status-publish","hentry"],"acf":[],"yoast_head":"<!-- This site is optimized with the Yoast SEO plugin v27.4 - https:\/\/yoast.com\/product\/yoast-seo-wordpress\/ -->\n<title>Asthma Testing - Affiliated Dermatology<\/title>\n<meta name=\"description\" content=\"Affiliated Dermatology provides comprehensive, state-of-the-art asthma testing to patients in Scottsdale and greater Phoenix Arizona.\" \/>\n<meta name=\"robots\" content=\"noindex, follow\" \/>\n<meta property=\"og:locale\" content=\"es_MX\" \/>\n<meta property=\"og:type\" content=\"article\" \/>\n<meta property=\"og:title\" content=\"Asthma Testing - Affiliated Dermatology\" \/>\n<meta property=\"og:description\" content=\"Affiliated Dermatology provides comprehensive, state-of-the-art asthma testing to patients in Scottsdale and greater Phoenix Arizona.\" \/>\n<meta property=\"og:url\" content=\"https:\/\/affdermaz.com\/es\/services\/allergy-testing\/asthma-testing\/\" \/>\n<meta property=\"og:site_name\" content=\"Affiliated Dermatology\" \/>\n<meta property=\"article:modified_time\" content=\"2025-03-13T19:30:18+00:00\" \/>\n<meta property=\"og:image\" content=\"https:\/\/affdermaz.com\/wp-content\/uploads\/2022\/03\/affiliated-dermtology-asthma.png\" \/>\n<meta name=\"twitter:card\" content=\"summary_large_image\" \/>\n<meta name=\"twitter:label1\" content=\"Tiempo de lectura\" \/>\n\t<meta name=\"twitter:data1\" content=\"2 minutos\" \/>\n<script type=\"application\/ld+json\" class=\"yoast-schema-graph\">{\"@context\":\"https:\\\/\\\/schema.org\",\"@graph\":[{\"@type\":\"WebPage\",\"@id\":\"https:\\\/\\\/affdermaz.com\\\/services\\\/allergy-testing\\\/asthma-testing\\\/\",\"url\":\"https:\\\/\\\/affdermaz.com\\\/services\\\/allergy-testing\\\/asthma-testing\\\/\",\"name\":\"Asthma Testing - Affiliated Dermatology\",\"isPartOf\":{\"@id\":\"https:\\\/\\\/affdermaz.com\\\/#website\"},\"primaryImageOfPage\":{\"@id\":\"https:\\\/\\\/affdermaz.com\\\/services\\\/allergy-testing\\\/asthma-testing\\\/#primaryimage\"},\"image\":{\"@id\":\"https:\\\/\\\/affdermaz.com\\\/services\\\/allergy-testing\\\/asthma-testing\\\/#primaryimage\"},\"thumbnailUrl\":\"https:\\\/\\\/affdermaz.com\\\/wp-content\\\/uploads\\\/2022\\\/03\\\/affiliated-dermtology-asthma.png\",\"datePublished\":\"2022-03-08T06:29:33+00:00\",\"dateModified\":\"2025-03-13T19:30:18+00:00\",\"description\":\"Affiliated Dermatology provides comprehensive, state-of-the-art asthma testing to patients in Scottsdale and greater Phoenix Arizona.\",\"breadcrumb\":{\"@id\":\"https:\\\/\\\/affdermaz.com\\\/services\\\/allergy-testing\\\/asthma-testing\\\/#breadcrumb\"},\"inLanguage\":\"es\",\"potentialAction\":[{\"@type\":\"ReadAction\",\"target\":[\"https:\\\/\\\/affdermaz.com\\\/services\\\/allergy-testing\\\/asthma-testing\\\/\"]}]},{\"@type\":\"ImageObject\",\"inLanguage\":\"es\",\"@id\":\"https:\\\/\\\/affdermaz.com\\\/services\\\/allergy-testing\\\/asthma-testing\\\/#primaryimage\",\"url\":\"https:\\\/\\\/affdermaz.com\\\/wp-content\\\/uploads\\\/2022\\\/03\\\/affiliated-dermtology-asthma.png\",\"contentUrl\":\"https:\\\/\\\/affdermaz.com\\\/wp-content\\\/uploads\\\/2022\\\/03\\\/affiliated-dermtology-asthma.png\"},{\"@type\":\"BreadcrumbList\",\"@id\":\"https:\\\/\\\/affdermaz.com\\\/services\\\/allergy-testing\\\/asthma-testing\\\/#breadcrumb\",\"itemListElement\":[{\"@type\":\"ListItem\",\"position\":1,\"name\":\"Home\",\"item\":\"https:\\\/\\\/affdermaz.com\\\/\"},{\"@type\":\"ListItem\",\"position\":2,\"name\":\"Services\",\"item\":\"https:\\\/\\\/affdermaz.com\\\/services\\\/\"},{\"@type\":\"ListItem\",\"position\":3,\"name\":\"Allergy Testing &#038; Solutions\",\"item\":\"https:\\\/\\\/affdermaz.com\\\/services\\\/allergy-testing\\\/\"},{\"@type\":\"ListItem\",\"position\":4,\"name\":\"Asthma Testing\"}]},{\"@type\":\"WebSite\",\"@id\":\"https:\\\/\\\/affdermaz.com\\\/#website\",\"url\":\"https:\\\/\\\/affdermaz.com\\\/\",\"name\":\"Affiliated Dermatology\",\"description\":\"Experts in Skin Disease Treatment &amp; Prevention\",\"potentialAction\":[{\"@type\":\"SearchAction\",\"target\":{\"@type\":\"EntryPoint\",\"urlTemplate\":\"https:\\\/\\\/affdermaz.com\\\/?s={search_term_string}\"},\"query-input\":{\"@type\":\"PropertyValueSpecification\",\"valueRequired\":true,\"valueName\":\"search_term_string\"}}],\"inLanguage\":\"es\"}]}<\/script>\n<!-- \/ Yoast SEO plugin. -->","yoast_head_json":{"title":"Pruebas de asma - Affiliated Dermatology","description":"Affiliated Dermatology ofrece pruebas de asma completas y de \u00faltima generaci\u00f3n a pacientes de Scottsdale y del \u00e1rea metropolitana de Phoenix, Arizona.","robots":{"index":"noindex","follow":"follow"},"og_locale":"es_MX","og_type":"article","og_title":"Asthma Testing - Affiliated Dermatology","og_description":"Affiliated Dermatology provides comprehensive, state-of-the-art asthma testing to patients in Scottsdale and greater Phoenix Arizona.","og_url":"https:\/\/affdermaz.com\/es\/services\/allergy-testing\/asthma-testing\/","og_site_name":"Affiliated Dermatology","article_modified_time":"2025-03-13T19:30:18+00:00","og_image":[{"url":"https:\/\/affdermaz.com\/wp-content\/uploads\/2022\/03\/affiliated-dermtology-asthma.png","type":"","width":"","height":""}],"twitter_card":"summary_large_image","twitter_misc":{"Tiempo de lectura":"2 minutos"},"schema":{"@context":"https:\/\/schema.org","@graph":[{"@type":"WebPage","@id":"https:\/\/affdermaz.com\/services\/allergy-testing\/asthma-testing\/","url":"https:\/\/affdermaz.com\/services\/allergy-testing\/asthma-testing\/","name":"Pruebas de asma - Affiliated Dermatology","isPartOf":{"@id":"https:\/\/affdermaz.com\/#website"},"primaryImageOfPage":{"@id":"https:\/\/affdermaz.com\/services\/allergy-testing\/asthma-testing\/#primaryimage"},"image":{"@id":"https:\/\/affdermaz.com\/services\/allergy-testing\/asthma-testing\/#primaryimage"},"thumbnailUrl":"https:\/\/affdermaz.com\/wp-content\/uploads\/2022\/03\/affiliated-dermtology-asthma.png","datePublished":"2022-03-08T06:29:33+00:00","dateModified":"2025-03-13T19:30:18+00:00","description":"Affiliated Dermatology ofrece pruebas de asma completas y de \u00faltima generaci\u00f3n a pacientes de Scottsdale y del \u00e1rea metropolitana de Phoenix, Arizona.","breadcrumb":{"@id":"https:\/\/affdermaz.com\/services\/allergy-testing\/asthma-testing\/#breadcrumb"},"inLanguage":"es","potentialAction":[{"@type":"ReadAction","target":["https:\/\/affdermaz.com\/services\/allergy-testing\/asthma-testing\/"]}]},{"@type":"ImageObject","inLanguage":"es","@id":"https:\/\/affdermaz.com\/services\/allergy-testing\/asthma-testing\/#primaryimage","url":"https:\/\/affdermaz.com\/wp-content\/uploads\/2022\/03\/affiliated-dermtology-asthma.png","contentUrl":"https:\/\/affdermaz.com\/wp-content\/uploads\/2022\/03\/affiliated-dermtology-asthma.png"},{"@type":"BreadcrumbList","@id":"https:\/\/affdermaz.com\/services\/allergy-testing\/asthma-testing\/#breadcrumb","itemListElement":[{"@type":"ListItem","position":1,"name":"Home","item":"https:\/\/affdermaz.com\/"},{"@type":"ListItem","position":2,"name":"Services","item":"https:\/\/affdermaz.com\/services\/"},{"@type":"ListItem","position":3,"name":"Allergy Testing &#038; Solutions","item":"https:\/\/affdermaz.com\/services\/allergy-testing\/"},{"@type":"ListItem","position":4,"name":"Asthma Testing"}]},{"@type":"WebSite","@id":"https:\/\/affdermaz.com\/#website","url":"https:\/\/affdermaz.com\/","name":"Dermatolog\u00eda afiliada","description":"Expertos en tratamiento y prevenci\u00f3n de enfermedades cut\u00e1neas","potentialAction":[{"@type":"SearchAction","target":{"@type":"EntryPoint","urlTemplate":"https:\/\/affdermaz.com\/?s={search_term_string}"},"query-input":{"@type":"PropertyValueSpecification","valueRequired":true,"valueName":"search_term_string"}}],"inLanguage":"es"}]}},"jetpack_sharing_enabled":true,"jetpack_likes_enabled":true,"_links":{"self":[{"href":"https:\/\/affdermaz.com\/es\/wp-json\/wp\/v2\/pages\/1090","targetHints":{"allow":["GET"]}}],"collection":[{"href":"https:\/\/affdermaz.com\/es\/wp-json\/wp\/v2\/pages"}],"about":[{"href":"https:\/\/affdermaz.com\/es\/wp-json\/wp\/v2\/types\/page"}],"author":[{"embeddable":true,"href":"https:\/\/affdermaz.com\/es\/wp-json\/wp\/v2\/users\/1"}],"replies":[{"embeddable":true,"href":"https:\/\/affdermaz.com\/es\/wp-json\/wp\/v2\/comments?post=1090"}],"version-history":[{"count":0,"href":"https:\/\/affdermaz.com\/es\/wp-json\/wp\/v2\/pages\/1090\/revisions"}],"up":[{"embeddable":true,"href":"https:\/\/affdermaz.com\/es\/wp-json\/wp\/v2\/pages\/1068"}],"wp:attachment":[{"href":"https:\/\/affdermaz.com\/es\/wp-json\/wp\/v2\/media?parent=1090"}],"curies":[{"name":"wp","href":"https:\/\/api.w.org\/{rel}","templated":true}]}}