{"id":3576,"date":"2022-03-21T09:52:01","date_gmt":"2022-03-21T09:52:01","guid":{"rendered":"http:\/\/120.72.95.94:55147\/?page_id=3576"},"modified":"2022-08-18T23:47:35","modified_gmt":"2022-08-18T23:47:35","slug":"hablamos-espanol","status":"publish","type":"page","link":"https:\/\/affdermaz.com\/es\/hablamos-espanol\/","title":{"rendered":"Hablamos espa\u00f1ol"},"content":{"rendered":"<div data-elementor-type=\"wp-page\" data-elementor-id=\"3576\" class=\"elementor elementor-3576\">\n\t\t\t\t\t\t<section class=\"elementor-section elementor-top-section elementor-element elementor-element-42c00b1 elementor-section-boxed elementor-section-height-default elementor-section-height-default\" data-id=\"42c00b1\" data-element_type=\"section\" data-e-type=\"section\" data-settings=\"{&quot;background_background&quot;:&quot;classic&quot;}\">\n\t\t\t\t\t\t\t<div class=\"elementor-background-overlay\"><\/div>\n\t\t\t\t\t\t\t<div class=\"elementor-container elementor-column-gap-default\">\n\t\t\t\t\t<div class=\"elementor-column elementor-col-100 elementor-top-column elementor-element elementor-element-818bfdb\" data-id=\"818bfdb\" data-element_type=\"column\" data-e-type=\"column\">\n\t\t\t<div class=\"elementor-widget-wrap elementor-element-populated\">\n\t\t\t\t\t\t<div class=\"elementor-element elementor-element-ca90c7c elementor-widget elementor-widget-heading\" data-id=\"ca90c7c\" data-element_type=\"widget\" data-e-type=\"widget\" data-widget_type=\"heading.default\">\n\t\t\t\t<div class=\"elementor-widget-container\">\n\t\t\t\t\t<h2 class=\"elementor-heading-title elementor-size-default\">Hablamos espa\u00f1ol<\/h2>\t\t\t\t<\/div>\n\t\t\t\t<\/div>\n\t\t\t\t\t<\/div>\n\t\t<\/div>\n\t\t\t\t\t<\/div>\n\t\t<\/section>\n\t\t\t\t<section class=\"elementor-section elementor-top-section elementor-element elementor-element-18ea388 elementor-section-boxed elementor-section-height-default elementor-section-height-default\" data-id=\"18ea388\" data-element_type=\"section\" data-e-type=\"section\">\n\t\t\t\t\t\t<div class=\"elementor-container elementor-column-gap-default\">\n\t\t\t\t\t<div class=\"elementor-column elementor-col-100 elementor-top-column elementor-element elementor-element-b8609a5\" data-id=\"b8609a5\" data-element_type=\"column\" data-e-type=\"column\">\n\t\t\t<div class=\"elementor-widget-wrap elementor-element-populated\">\n\t\t\t\t\t\t<div class=\"elementor-element elementor-element-470e916 img-happy-rt elementor-widget elementor-widget-image\" data-id=\"470e916\" data-element_type=\"widget\" data-e-type=\"widget\" data-widget_type=\"image.default\">\n\t\t\t\t<div class=\"elementor-widget-container\">\n\t\t\t\t\t\t\t\t\t\t\t\t\t\t\t<img loading=\"lazy\" decoding=\"async\" width=\"2140\" height=\"1203\" src=\"https:\/\/i0.wp.com\/affdermaz.com\/wp-content\/uploads\/2022\/03\/arizona-dermatC3B3logo-2836043246-1540322398515.jpg?fit=2140%2C1203&amp;ssl=1\" class=\"attachment-full size-full wp-image-3578\" alt=\"\" srcset=\"https:\/\/i0.wp.com\/affdermaz.com\/wp-content\/uploads\/2022\/03\/arizona-dermatC3B3logo-2836043246-1540322398515.jpg?w=2140&amp;ssl=1 2140w, https:\/\/i0.wp.com\/affdermaz.com\/wp-content\/uploads\/2022\/03\/arizona-dermatC3B3logo-2836043246-1540322398515.jpg?resize=800%2C450&amp;ssl=1 800w, https:\/\/i0.wp.com\/affdermaz.com\/wp-content\/uploads\/2022\/03\/arizona-dermatC3B3logo-2836043246-1540322398515.jpg?resize=1200%2C675&amp;ssl=1 1200w, https:\/\/i0.wp.com\/affdermaz.com\/wp-content\/uploads\/2022\/03\/arizona-dermatC3B3logo-2836043246-1540322398515.jpg?resize=768%2C432&amp;ssl=1 768w, https:\/\/i0.wp.com\/affdermaz.com\/wp-content\/uploads\/2022\/03\/arizona-dermatC3B3logo-2836043246-1540322398515.jpg?resize=1536%2C863&amp;ssl=1 1536w, https:\/\/i0.wp.com\/affdermaz.com\/wp-content\/uploads\/2022\/03\/arizona-dermatC3B3logo-2836043246-1540322398515.jpg?resize=2048%2C1151&amp;ssl=1 2048w, https:\/\/i0.wp.com\/affdermaz.com\/wp-content\/uploads\/2022\/03\/arizona-dermatC3B3logo-2836043246-1540322398515.jpg?w=1600&amp;ssl=1 1600w\" sizes=\"auto, (max-width: 800px) 100vw, 800px\" \/>\t\t\t\t\t\t\t\t\t\t\t\t\t\t\t<\/div>\n\t\t\t\t<\/div>\n\t\t\t\t\t<\/div>\n\t\t<\/div>\n\t\t\t\t\t<\/div>\n\t\t<\/section>\n\t\t\t\t<section class=\"elementor-section elementor-top-section elementor-element elementor-element-1584f48 elementor-section-boxed elementor-section-height-default elementor-section-height-default\" data-id=\"1584f48\" data-element_type=\"section\" data-e-type=\"section\">\n\t\t\t\t\t\t<div class=\"elementor-container elementor-column-gap-default\">\n\t\t\t\t\t<div class=\"elementor-column elementor-col-100 elementor-top-column elementor-element elementor-element-ba6e248\" data-id=\"ba6e248\" data-element_type=\"column\" data-e-type=\"column\">\n\t\t\t<div class=\"elementor-widget-wrap elementor-element-populated\">\n\t\t\t\t\t\t<div class=\"elementor-element elementor-element-147437f elementor-widget elementor-widget-heading\" data-id=\"147437f\" data-element_type=\"widget\" data-e-type=\"widget\" data-widget_type=\"heading.default\">\n\t\t\t\t<div class=\"elementor-widget-container\">\n\t\t\t\t\t<h3 class=\"elementor-heading-title elementor-size-default\">\u00a1Nous hablamos espa\u00f1ol!<\/h3>\t\t\t\t<\/div>\n\t\t\t\t<\/div>\n\t\t\t\t<div class=\"elementor-element elementor-element-02952fd elementor-widget elementor-widget-text-editor\" data-id=\"02952fd\" data-element_type=\"widget\" data-e-type=\"widget\" data-widget_type=\"text-editor.default\">\n\t\t\t\t<div class=\"elementor-widget-container\">\n\t\t\t\t\t\t\t\t\t<p>\u00bfNecesitas ayuda con tu piel? Nuestro personal biling\u00fce est\u00e1 listo para ayudarle en su camino hacia una piel saludable. Affiliated Dermatology est\u00e1 dedicada a ayudar, inspirar y capacitar para tomar decisiones educadas y saludables sobre el cuidado de la piel. Somos un grupo de servicio completo de dermatolog\u00eda, con ocho ubicaciones en todo el Valle, que ofrecen servicios en dermatolog\u00eda general, detecci\u00f3n y tratamiento de c\u00e1ncer de piel, cirug\u00eda de Mohs, est\u00e9tica y alergia.<\/p><ul><li>Nuevos pacientes bienvenidos<\/li><li>Disponible el mismo d\u00eda y al d\u00eda siguiente<\/li><li>Citas de noches y s\u00e1bados<\/li><li>Se aceptan la mayor\u00eda de los planes de seguro<\/li><li>Todas las edades, tipos de piel y afecciones de la piel<\/li><li>Laboratorio interno<\/li><li>Dispensario interno<\/li><\/ul><p>Ll\u00e1menos para hacer una cita al n\u00famero\u00a0<strong>(480) 935-5458<\/strong>\u00a0o deja un mensaje:<\/p>\t\t\t\t\t\t\t\t<\/div>\n\t\t\t\t<\/div>\n\t\t\t\t\t<\/div>\n\t\t<\/div>\n\t\t\t\t\t<\/div>\n\t\t<\/section>\n\t\t\t\t<section class=\"elementor-section elementor-top-section elementor-element elementor-element-a45084e elementor-section-boxed elementor-section-height-default elementor-section-height-default\" data-id=\"a45084e\" data-element_type=\"section\" data-e-type=\"section\">\n\t\t\t\t\t\t<div class=\"elementor-container elementor-column-gap-default\">\n\t\t\t\t\t<div class=\"elementor-column elementor-col-100 elementor-top-column elementor-element elementor-element-0aa3bdf\" data-id=\"0aa3bdf\" data-element_type=\"column\" data-e-type=\"column\">\n\t\t\t<div class=\"elementor-widget-wrap elementor-element-populated\">\n\t\t\t\t\t\t<div class=\"elementor-element elementor-element-fb4d42a elementor-widget-divider--view-line elementor-widget elementor-widget-divider\" data-id=\"fb4d42a\" data-element_type=\"widget\" data-e-type=\"widget\" data-widget_type=\"divider.default\">\n\t\t\t\t<div class=\"elementor-widget-container\">\n\t\t\t\t\t\t\t<div class=\"elementor-divider\">\n\t\t\t<span class=\"elementor-divider-separator\">\n\t\t\t\t\t\t<\/span>\n\t\t<\/div>\n\t\t\t\t\t\t<\/div>\n\t\t\t\t<\/div>\n\t\t\t\t\t<\/div>\n\t\t<\/div>\n\t\t\t\t\t<\/div>\n\t\t<\/section>\n\t\t\t\t<section class=\"elementor-section elementor-top-section elementor-element elementor-element-f588fec elementor-section-boxed elementor-section-height-default elementor-section-height-default\" data-id=\"f588fec\" data-element_type=\"section\" data-e-type=\"section\">\n\t\t\t\t\t\t<div class=\"elementor-container elementor-column-gap-default\">\n\t\t\t\t\t<div class=\"elementor-column elementor-col-66 elementor-top-column elementor-element elementor-element-fd7b094\" data-id=\"fd7b094\" data-element_type=\"column\" data-e-type=\"column\">\n\t\t\t<div class=\"elementor-widget-wrap elementor-element-populated\">\n\t\t\t\t\t\t<div class=\"elementor-element elementor-element-322d5ef elementor-widget elementor-widget-text-editor\" data-id=\"322d5ef\" data-element_type=\"widget\" data-e-type=\"widget\" data-widget_type=\"text-editor.default\">\n\t\t\t\t<div class=\"elementor-widget-container\">\n\t\t\t\t\t\t\t\t\t<div class=\"_form_37\"><\/div><script src=\"https:\/\/affderm.dewy.io\/f\/embed.php?id=37\" type=\"text\/javascript\" charset=\"utf-8\"><\/script>\n\t\t\t\t\t\t\t\t<\/div>\n\t\t\t\t<\/div>\n\t\t\t\t<div class=\"elementor-element elementor-element-a3fbeaf elementor-widget elementor-widget-text-editor\" data-id=\"a3fbeaf\" data-element_type=\"widget\" data-e-type=\"widget\" data-widget_type=\"text-editor.default\">\n\t\t\t\t<div class=\"elementor-widget-container\">\n\t\t\t\t\t\t\t\t\t*Los resultados y la experiencia de los pacientes pueden variar. En EE. UU., el procedimiento CoolSculpting est\u00e1 autorizado por la FDA para el tratamiento de los bultos de grasa visibles en la zona submentoniana, los muslos, el abdomen y los flancos, junto con la grasa del sujetador, la grasa de la espalda, la parte inferior de las nalgas y la parte superior del brazo. ZELTIQ, CoolSculpting, el logotipo de CoolSculpting y el dise\u00f1o del copo de nieve son marcas registradas de ZELTIQ Aesthetics, Inc. \u00a9 2017. Reservados todos los derechos. CoolSculpting es el tratamiento m\u00e1s utilizado por los m\u00e9dicos para la eliminaci\u00f3n no invasiva de la grasa.\t\t\t\t\t\t\t\t<\/div>\n\t\t\t\t<\/div>\n\t\t\t\t\t<\/div>\n\t\t<\/div>\n\t\t\t\t<div class=\"elementor-column elementor-col-33 elementor-top-column elementor-element elementor-element-5637b4b\" data-id=\"5637b4b\" data-element_type=\"column\" data-e-type=\"column\">\n\t\t\t<div class=\"elementor-widget-wrap\">\n\t\t\t\t\t\t\t<\/div>\n\t\t<\/div>\n\t\t\t\t\t<\/div>\n\t\t<\/section>\n\t\t\t\t<\/div>","protected":false},"excerpt":{"rendered":"<p>Hablamos Espa\u00f1ol \u00a1Nosotros hablamos espa\u00f1ol! \u00bfNecesitas ayuda con tu piel? Nuestro personal biling\u00fce est\u00e1n listos para ayudar en su camino [&hellip;]<\/p>\n","protected":false},"author":1,"featured_media":0,"parent":0,"menu_order":0,"comment_status":"closed","ping_status":"closed","template":"elementor_header_footer","meta":{"_acf_changed":false,"footnotes":""},"class_list":["post-3576","page","type-page","status-publish","hentry"],"acf":[],"yoast_head":"<!-- This site is optimized with the Yoast SEO plugin v27.4 - https:\/\/yoast.com\/product\/yoast-seo-wordpress\/ -->\n<title>Hablamos Espa\u00f1ol - Affiliated Dermatology<\/title>\n<meta name=\"description\" content=\"Affiliated Dermatology est\u00e1 dedicada a ayudar, inspirar y capacitar para tomar decisiones educadas y saludables sobre el cuidado de la piel. Somos un grupo de servicio completo de dermatolog\u00eda, con ocho ubicaciones en todo el Valle, que ofrecen servicios en dermatolog\u00eda general, detecci\u00f3n y tratamiento de c\u00e1ncer de piel, cirug\u00eda de Mohs, est\u00e9tica y alergia.\" \/>\n<meta name=\"robots\" content=\"noindex, follow\" \/>\n<meta property=\"og:locale\" content=\"es_MX\" \/>\n<meta property=\"og:type\" content=\"article\" \/>\n<meta property=\"og:title\" content=\"Hablamos Espa\u00f1ol - Affiliated Dermatology\" \/>\n<meta property=\"og:description\" content=\"Affiliated Dermatology est\u00e1 dedicada a ayudar, inspirar y capacitar para tomar decisiones educadas y saludables sobre el cuidado de la piel. Somos un grupo de servicio completo de dermatolog\u00eda, con ocho ubicaciones en todo el Valle, que ofrecen servicios en dermatolog\u00eda general, detecci\u00f3n y tratamiento de c\u00e1ncer de piel, cirug\u00eda de Mohs, est\u00e9tica y alergia.\" \/>\n<meta property=\"og:url\" content=\"https:\/\/affdermaz.com\/es\/hablamos-espanol\/\" \/>\n<meta property=\"og:site_name\" content=\"Affiliated Dermatology\" \/>\n<meta property=\"article:modified_time\" content=\"2022-08-18T23:47:35+00:00\" \/>\n<meta property=\"og:image\" content=\"https:\/\/affdermaz.com\/wp-content\/uploads\/2022\/03\/arizona-dermatC3B3logo-2836043246-1540322398515.jpg\" \/>\n<meta name=\"twitter:card\" content=\"summary_large_image\" \/>\n<meta name=\"twitter:label1\" content=\"Tiempo de lectura\" \/>\n\t<meta name=\"twitter:data1\" content=\"5 minutos\" \/>\n<script type=\"application\/ld+json\" class=\"yoast-schema-graph\">{\"@context\":\"https:\\\/\\\/schema.org\",\"@graph\":[{\"@type\":\"WebPage\",\"@id\":\"https:\\\/\\\/affdermaz.com\\\/hablamos-espanol\\\/\",\"url\":\"https:\\\/\\\/affdermaz.com\\\/hablamos-espanol\\\/\",\"name\":\"Hablamos Espa\u00f1ol - Affiliated Dermatology\",\"isPartOf\":{\"@id\":\"https:\\\/\\\/affdermaz.com\\\/#website\"},\"primaryImageOfPage\":{\"@id\":\"https:\\\/\\\/affdermaz.com\\\/hablamos-espanol\\\/#primaryimage\"},\"image\":{\"@id\":\"https:\\\/\\\/affdermaz.com\\\/hablamos-espanol\\\/#primaryimage\"},\"thumbnailUrl\":\"https:\\\/\\\/affdermaz.com\\\/wp-content\\\/uploads\\\/2022\\\/03\\\/arizona-dermatC3B3logo-2836043246-1540322398515.jpg\",\"datePublished\":\"2022-03-21T09:52:01+00:00\",\"dateModified\":\"2022-08-18T23:47:35+00:00\",\"description\":\"Affiliated Dermatology est\u00e1 dedicada a ayudar, inspirar y capacitar para tomar decisiones educadas y saludables sobre el cuidado de la piel. Somos un grupo de servicio completo de dermatolog\u00eda, con ocho ubicaciones en todo el Valle, que ofrecen servicios en dermatolog\u00eda general, detecci\u00f3n y tratamiento de c\u00e1ncer de piel, cirug\u00eda de Mohs, est\u00e9tica y alergia.\",\"breadcrumb\":{\"@id\":\"https:\\\/\\\/affdermaz.com\\\/hablamos-espanol\\\/#breadcrumb\"},\"inLanguage\":\"es\",\"potentialAction\":[{\"@type\":\"ReadAction\",\"target\":[\"https:\\\/\\\/affdermaz.com\\\/hablamos-espanol\\\/\"]}]},{\"@type\":\"ImageObject\",\"inLanguage\":\"es\",\"@id\":\"https:\\\/\\\/affdermaz.com\\\/hablamos-espanol\\\/#primaryimage\",\"url\":\"https:\\\/\\\/affdermaz.com\\\/wp-content\\\/uploads\\\/2022\\\/03\\\/arizona-dermatC3B3logo-2836043246-1540322398515.jpg\",\"contentUrl\":\"https:\\\/\\\/affdermaz.com\\\/wp-content\\\/uploads\\\/2022\\\/03\\\/arizona-dermatC3B3logo-2836043246-1540322398515.jpg\"},{\"@type\":\"BreadcrumbList\",\"@id\":\"https:\\\/\\\/affdermaz.com\\\/hablamos-espanol\\\/#breadcrumb\",\"itemListElement\":[{\"@type\":\"ListItem\",\"position\":1,\"name\":\"Home\",\"item\":\"https:\\\/\\\/affdermaz.com\\\/\"},{\"@type\":\"ListItem\",\"position\":2,\"name\":\"Hablamos Espa\u00f1ol\"}]},{\"@type\":\"WebSite\",\"@id\":\"https:\\\/\\\/affdermaz.com\\\/#website\",\"url\":\"https:\\\/\\\/affdermaz.com\\\/\",\"name\":\"Affiliated Dermatology\",\"description\":\"Experts in Skin Disease Treatment &amp; Prevention\",\"potentialAction\":[{\"@type\":\"SearchAction\",\"target\":{\"@type\":\"EntryPoint\",\"urlTemplate\":\"https:\\\/\\\/affdermaz.com\\\/?s={search_term_string}\"},\"query-input\":{\"@type\":\"PropertyValueSpecification\",\"valueRequired\":true,\"valueName\":\"search_term_string\"}}],\"inLanguage\":\"es\"}]}<\/script>\n<!-- \/ Yoast SEO plugin. -->","yoast_head_json":{"title":"Hablamos Espa\u00f1ol - Dermatolog\u00eda Afiliada","description":"Affiliated Dermatology est\u00e1 dedicada a ayudar, inspirar y capacitar para tomar decisiones educadas y saludables sobre el cuidado de la piel. Somos un grupo de servicio completo de dermatolog\u00eda, con ocho ubicaciones en todo el Valle, que ofrecen servicios en dermatolog\u00eda general, detecci\u00f3n y tratamiento de c\u00e1ncer de piel, cirug\u00eda de Mohs, est\u00e9tica y alergia.","robots":{"index":"noindex","follow":"follow"},"og_locale":"es_MX","og_type":"article","og_title":"Hablamos Espa\u00f1ol - Affiliated Dermatology","og_description":"Affiliated Dermatology est\u00e1 dedicada a ayudar, inspirar y capacitar para tomar decisiones educadas y saludables sobre el cuidado de la piel. Somos un grupo de servicio completo de dermatolog\u00eda, con ocho ubicaciones en todo el Valle, que ofrecen servicios en dermatolog\u00eda general, detecci\u00f3n y tratamiento de c\u00e1ncer de piel, cirug\u00eda de Mohs, est\u00e9tica y alergia.","og_url":"https:\/\/affdermaz.com\/es\/hablamos-espanol\/","og_site_name":"Affiliated Dermatology","article_modified_time":"2022-08-18T23:47:35+00:00","og_image":[{"url":"https:\/\/affdermaz.com\/wp-content\/uploads\/2022\/03\/arizona-dermatC3B3logo-2836043246-1540322398515.jpg","type":"","width":"","height":""}],"twitter_card":"summary_large_image","twitter_misc":{"Tiempo de lectura":"5 minutos"},"schema":{"@context":"https:\/\/schema.org","@graph":[{"@type":"WebPage","@id":"https:\/\/affdermaz.com\/hablamos-espanol\/","url":"https:\/\/affdermaz.com\/hablamos-espanol\/","name":"Hablamos Espa\u00f1ol - Dermatolog\u00eda Afiliada","isPartOf":{"@id":"https:\/\/affdermaz.com\/#website"},"primaryImageOfPage":{"@id":"https:\/\/affdermaz.com\/hablamos-espanol\/#primaryimage"},"image":{"@id":"https:\/\/affdermaz.com\/hablamos-espanol\/#primaryimage"},"thumbnailUrl":"https:\/\/affdermaz.com\/wp-content\/uploads\/2022\/03\/arizona-dermatC3B3logo-2836043246-1540322398515.jpg","datePublished":"2022-03-21T09:52:01+00:00","dateModified":"2022-08-18T23:47:35+00:00","description":"Affiliated Dermatology est\u00e1 dedicada a ayudar, inspirar y capacitar para tomar decisiones educadas y saludables sobre el cuidado de la piel. Somos un grupo de servicio completo de dermatolog\u00eda, con ocho ubicaciones en todo el Valle, que ofrecen servicios en dermatolog\u00eda general, detecci\u00f3n y tratamiento de c\u00e1ncer de piel, cirug\u00eda de Mohs, est\u00e9tica y alergia.","breadcrumb":{"@id":"https:\/\/affdermaz.com\/hablamos-espanol\/#breadcrumb"},"inLanguage":"es","potentialAction":[{"@type":"ReadAction","target":["https:\/\/affdermaz.com\/hablamos-espanol\/"]}]},{"@type":"ImageObject","inLanguage":"es","@id":"https:\/\/affdermaz.com\/hablamos-espanol\/#primaryimage","url":"https:\/\/affdermaz.com\/wp-content\/uploads\/2022\/03\/arizona-dermatC3B3logo-2836043246-1540322398515.jpg","contentUrl":"https:\/\/affdermaz.com\/wp-content\/uploads\/2022\/03\/arizona-dermatC3B3logo-2836043246-1540322398515.jpg"},{"@type":"BreadcrumbList","@id":"https:\/\/affdermaz.com\/hablamos-espanol\/#breadcrumb","itemListElement":[{"@type":"ListItem","position":1,"name":"Home","item":"https:\/\/affdermaz.com\/"},{"@type":"ListItem","position":2,"name":"Hablamos Espa\u00f1ol"}]},{"@type":"WebSite","@id":"https:\/\/affdermaz.com\/#website","url":"https:\/\/affdermaz.com\/","name":"Dermatolog\u00eda afiliada","description":"Expertos en tratamiento y prevenci\u00f3n de enfermedades cut\u00e1neas","potentialAction":[{"@type":"SearchAction","target":{"@type":"EntryPoint","urlTemplate":"https:\/\/affdermaz.com\/?s={search_term_string}"},"query-input":{"@type":"PropertyValueSpecification","valueRequired":true,"valueName":"search_term_string"}}],"inLanguage":"es"}]}},"jetpack_sharing_enabled":true,"jetpack_likes_enabled":true,"_links":{"self":[{"href":"https:\/\/affdermaz.com\/es\/wp-json\/wp\/v2\/pages\/3576","targetHints":{"allow":["GET"]}}],"collection":[{"href":"https:\/\/affdermaz.com\/es\/wp-json\/wp\/v2\/pages"}],"about":[{"href":"https:\/\/affdermaz.com\/es\/wp-json\/wp\/v2\/types\/page"}],"author":[{"embeddable":true,"href":"https:\/\/affdermaz.com\/es\/wp-json\/wp\/v2\/users\/1"}],"replies":[{"embeddable":true,"href":"https:\/\/affdermaz.com\/es\/wp-json\/wp\/v2\/comments?post=3576"}],"version-history":[{"count":0,"href":"https:\/\/affdermaz.com\/es\/wp-json\/wp\/v2\/pages\/3576\/revisions"}],"wp:attachment":[{"href":"https:\/\/affdermaz.com\/es\/wp-json\/wp\/v2\/media?parent=3576"}],"curies":[{"name":"wp","href":"https:\/\/api.w.org\/{rel}","templated":true}]}}