{"id":931,"date":"2022-03-07T11:02:05","date_gmt":"2022-03-07T11:02:05","guid":{"rendered":"http:\/\/120.72.95.94:55147\/?page_id=931"},"modified":"2024-07-31T20:45:46","modified_gmt":"2024-08-01T03:45:46","slug":"medical-grade-facials","status":"publish","type":"page","link":"https:\/\/affdermaz.com\/es\/services\/aesthetic-dermatology\/medical-grade-facials\/","title":{"rendered":"Tratamientos faciales de grado m\u00e9dico"},"content":{"rendered":"<div data-elementor-type=\"wp-page\" data-elementor-id=\"931\" class=\"elementor elementor-931\">\n\t\t\t\t\t\t<section class=\"elementor-section elementor-top-section elementor-element elementor-element-42c00b1 elementor-section-boxed elementor-section-height-default elementor-section-height-default\" data-id=\"42c00b1\" data-element_type=\"section\" data-e-type=\"section\" data-settings=\"{&quot;background_background&quot;:&quot;classic&quot;}\">\n\t\t\t\t\t\t\t<div class=\"elementor-background-overlay\"><\/div>\n\t\t\t\t\t\t\t<div class=\"elementor-container elementor-column-gap-default\">\n\t\t\t\t\t<div class=\"elementor-column elementor-col-100 elementor-top-column elementor-element elementor-element-818bfdb\" data-id=\"818bfdb\" data-element_type=\"column\" data-e-type=\"column\">\n\t\t\t<div class=\"elementor-widget-wrap elementor-element-populated\">\n\t\t\t\t\t\t<div class=\"elementor-element elementor-element-ca90c7c elementor-widget elementor-widget-heading\" data-id=\"ca90c7c\" data-element_type=\"widget\" data-e-type=\"widget\" data-widget_type=\"heading.default\">\n\t\t\t\t<div class=\"elementor-widget-container\">\n\t\t\t\t\t<h1 class=\"elementor-heading-title elementor-size-default\">Tratamientos faciales de grado m\u00e9dico<\/h1>\t\t\t\t<\/div>\n\t\t\t\t<\/div>\n\t\t\t\t\t<\/div>\n\t\t<\/div>\n\t\t\t\t\t<\/div>\n\t\t<\/section>\n\t\t\t\t<section class=\"elementor-section elementor-top-section elementor-element elementor-element-18ea388 elementor-section-boxed elementor-section-height-default elementor-section-height-default\" data-id=\"18ea388\" data-element_type=\"section\" data-e-type=\"section\">\n\t\t\t\t\t\t<div class=\"elementor-container elementor-column-gap-default\">\n\t\t\t\t\t<div class=\"elementor-column elementor-col-100 elementor-top-column elementor-element elementor-element-b8609a5\" data-id=\"b8609a5\" data-element_type=\"column\" data-e-type=\"column\">\n\t\t\t<div class=\"elementor-widget-wrap elementor-element-populated\">\n\t\t\t\t\t\t<div class=\"elementor-element elementor-element-470e916 img-happy-rt elementor-widget elementor-widget-image\" data-id=\"470e916\" data-element_type=\"widget\" data-e-type=\"widget\" data-widget_type=\"image.default\">\n\t\t\t\t<div class=\"elementor-widget-container\">\n\t\t\t\t\t\t\t\t\t\t\t\t\t\t\t<img loading=\"lazy\" decoding=\"async\" width=\"2140\" height=\"713\" src=\"https:\/\/i0.wp.com\/affdermaz.com\/wp-content\/uploads\/2022\/03\/facials-in-phoenix-az-scottsdale-az.png?fit=2140%2C713&amp;ssl=1\" class=\"attachment-full size-full wp-image-933\" alt=\"\" srcset=\"https:\/\/i0.wp.com\/affdermaz.com\/wp-content\/uploads\/2022\/03\/facials-in-phoenix-az-scottsdale-az.png?w=2140&amp;ssl=1 2140w, https:\/\/i0.wp.com\/affdermaz.com\/wp-content\/uploads\/2022\/03\/facials-in-phoenix-az-scottsdale-az.png?resize=800%2C267&amp;ssl=1 800w, https:\/\/i0.wp.com\/affdermaz.com\/wp-content\/uploads\/2022\/03\/facials-in-phoenix-az-scottsdale-az.png?resize=1200%2C400&amp;ssl=1 1200w, https:\/\/i0.wp.com\/affdermaz.com\/wp-content\/uploads\/2022\/03\/facials-in-phoenix-az-scottsdale-az.png?resize=768%2C256&amp;ssl=1 768w, https:\/\/i0.wp.com\/affdermaz.com\/wp-content\/uploads\/2022\/03\/facials-in-phoenix-az-scottsdale-az.png?resize=1536%2C512&amp;ssl=1 1536w, https:\/\/i0.wp.com\/affdermaz.com\/wp-content\/uploads\/2022\/03\/facials-in-phoenix-az-scottsdale-az.png?resize=2048%2C682&amp;ssl=1 2048w, https:\/\/i0.wp.com\/affdermaz.com\/wp-content\/uploads\/2022\/03\/facials-in-phoenix-az-scottsdale-az.png?w=1600&amp;ssl=1 1600w\" sizes=\"auto, (max-width: 800px) 100vw, 800px\" \/>\t\t\t\t\t\t\t\t\t\t\t\t\t\t\t<\/div>\n\t\t\t\t<\/div>\n\t\t\t\t\t<\/div>\n\t\t<\/div>\n\t\t\t\t\t<\/div>\n\t\t<\/section>\n\t\t\t\t<section class=\"elementor-section elementor-top-section elementor-element elementor-element-1584f48 elementor-section-boxed elementor-section-height-default elementor-section-height-default\" data-id=\"1584f48\" data-element_type=\"section\" data-e-type=\"section\">\n\t\t\t\t\t\t<div class=\"elementor-container elementor-column-gap-default\">\n\t\t\t\t\t<div class=\"elementor-column elementor-col-100 elementor-top-column elementor-element elementor-element-ba6e248\" data-id=\"ba6e248\" data-element_type=\"column\" data-e-type=\"column\">\n\t\t\t<div class=\"elementor-widget-wrap elementor-element-populated\">\n\t\t\t\t\t\t<div class=\"elementor-element elementor-element-12acfa6 elementor-widget elementor-widget-text-editor\" data-id=\"12acfa6\" data-element_type=\"widget\" data-e-type=\"widget\" data-widget_type=\"text-editor.default\">\n\t\t\t\t<div class=\"elementor-widget-container\">\n\t\t\t\t\t\t\t\t\t<p>Limpie, exfolie, enmascare y corrija con nuestros tratamientos faciales de grado m\u00e9dico que funcionan para todo tipo de pieles, incluidas las secas, grasas, normales, sensibles y mixtas. Realizado en nuestro <a href=\"https:\/\/affdermaz.com\/es\/locations\/\">consultas de dermatolog\u00eda<\/a>Estos tratamientos faciales altamente personalizables mejoran el aspecto de varios problemas de la piel, como las l\u00edneas finas y las arrugas, la firmeza de la piel, la textura de la piel, la congesti\u00f3n de los poros y el acn\u00e9.<\/p>\t\t\t\t\t\t\t\t<\/div>\n\t\t\t\t<\/div>\n\t\t\t\t<div class=\"elementor-element elementor-element-778691a elementor-widget elementor-widget-heading\" data-id=\"778691a\" data-element_type=\"widget\" data-e-type=\"widget\" data-widget_type=\"heading.default\">\n\t\t\t\t<div class=\"elementor-widget-container\">\n\t\t\t\t\t<h2 class=\"elementor-heading-title elementor-size-default\">PCA Skin Facial<\/h2>\t\t\t\t<\/div>\n\t\t\t\t<\/div>\n\t\t\t\t<div class=\"elementor-element elementor-element-8c1cad0 elementor-widget elementor-widget-text-editor\" data-id=\"8c1cad0\" data-element_type=\"widget\" data-e-type=\"widget\" data-widget_type=\"text-editor.default\">\n\t\t\t\t<div class=\"elementor-widget-container\">\n\t\t\t\t\t\t\t\t\t<ul>\n \t<li>Ideal para todo tipo de pieles<\/li>\n \t<li>Limpieza profunda<\/li>\n \t<li>Exfoliante y nutritivo<\/li>\n<\/ul>\t\t\t\t\t\t\t\t<\/div>\n\t\t\t\t<\/div>\n\t\t\t\t<div class=\"elementor-element elementor-element-4198819 elementor-widget elementor-widget-heading\" data-id=\"4198819\" data-element_type=\"widget\" data-e-type=\"widget\" data-widget_type=\"heading.default\">\n\t\t\t\t<div class=\"elementor-widget-container\">\n\t\t\t\t\t<h2 class=\"elementor-heading-title elementor-size-default\">SkinMedica Facial Calmante<\/h2>\t\t\t\t<\/div>\n\t\t\t\t<\/div>\n\t\t\t\t<div class=\"elementor-element elementor-element-3738e55 elementor-widget elementor-widget-text-editor\" data-id=\"3738e55\" data-element_type=\"widget\" data-e-type=\"widget\" data-widget_type=\"text-editor.default\">\n\t\t\t\t<div class=\"elementor-widget-container\">\n\t\t\t\t\t\t\t\t\t<ul><li>Recomendado para pieles sensibles<\/li><li>Alivia y calma la piel irritada<\/li><li>Nutre e hidrata<\/li><\/ul>\t\t\t\t\t\t\t\t<\/div>\n\t\t\t\t<\/div>\n\t\t\t\t<div class=\"elementor-element elementor-element-f02cd5d elementor-widget elementor-widget-heading\" data-id=\"f02cd5d\" data-element_type=\"widget\" data-e-type=\"widget\" data-widget_type=\"heading.default\">\n\t\t\t\t<div class=\"elementor-widget-container\">\n\t\t\t\t\t<h2 class=\"elementor-heading-title elementor-size-default\">SkinMedica Facial Purificante<\/h2>\t\t\t\t<\/div>\n\t\t\t\t<\/div>\n\t\t\t\t<div class=\"elementor-element elementor-element-1ba6be8 elementor-widget elementor-widget-text-editor\" data-id=\"1ba6be8\" data-element_type=\"widget\" data-e-type=\"widget\" data-widget_type=\"text-editor.default\">\n\t\t\t\t<div class=\"elementor-widget-container\">\n\t\t\t\t\t\t\t\t\t<ul><li>Recomendado para pieles sensibles<\/li><li>Alivia y calma la piel irritada<\/li><li>Nutre e hidrata<\/li><\/ul>\t\t\t\t\t\t\t\t<\/div>\n\t\t\t\t<\/div>\n\t\t\t\t\t<\/div>\n\t\t<\/div>\n\t\t\t\t\t<\/div>\n\t\t<\/section>\n\t\t\t\t<section class=\"elementor-section elementor-top-section elementor-element elementor-element-040f9aa elementor-section-boxed elementor-section-height-default elementor-section-height-default\" data-id=\"040f9aa\" data-element_type=\"section\" data-e-type=\"section\" data-settings=\"{&quot;background_background&quot;:&quot;classic&quot;}\">\n\t\t\t\t\t\t<div class=\"elementor-container elementor-column-gap-default\">\n\t\t\t\t\t<div class=\"elementor-column elementor-col-100 elementor-top-column elementor-element elementor-element-24eaa22\" data-id=\"24eaa22\" data-element_type=\"column\" data-e-type=\"column\">\n\t\t\t<div class=\"elementor-widget-wrap elementor-element-populated\">\n\t\t\t\t\t\t<div class=\"elementor-element elementor-element-374dbe5 elementor-widget elementor-widget-heading\" data-id=\"374dbe5\" data-element_type=\"widget\" data-e-type=\"widget\" data-widget_type=\"heading.default\">\n\t\t\t\t<div class=\"elementor-widget-container\">\n\t\t\t\t\t<h2 class=\"elementor-heading-title elementor-size-default\">SkinMedica Anti-Aging TNS Hidratante Facial<\/h2>\t\t\t\t<\/div>\n\t\t\t\t<\/div>\n\t\t\t\t<div class=\"elementor-element elementor-element-f6fc848 elementor-widget elementor-widget-text-editor\" data-id=\"f6fc848\" data-element_type=\"widget\" data-e-type=\"widget\" data-widget_type=\"text-editor.default\">\n\t\t\t\t<div class=\"elementor-widget-container\">\n\t\t\t\t\t\t\t\t\t<ul>\n \t<li>Piel seca, envejecida y fotoenvejecida<\/li>\n \t<li>Hidrata, nutre y revitaliza la piel seca, envejecida y da\u00f1ada por el sol<\/li>\n \t\n<\/ul>\t\t\t\t\t\t\t\t<\/div>\n\t\t\t\t<\/div>\n\t\t\t\t<div class=\"elementor-element elementor-element-8ad19fa elementor-widget elementor-widget-text-editor\" data-id=\"8ad19fa\" data-element_type=\"widget\" data-e-type=\"widget\" data-widget_type=\"text-editor.default\">\n\t\t\t\t<div class=\"elementor-widget-container\">\n\t\t\t\t\t\t\t\t\t<p>Los tratamientos faciales de grado m\u00e9dico, junto con los reg\u00edmenes de productos caseros, ayudan a tratar la piel y proporcionan m\u00e1s resultados.<\/p>\t\t\t\t\t\t\t\t<\/div>\n\t\t\t\t<\/div>\n\t\t\t\t\t<\/div>\n\t\t<\/div>\n\t\t\t\t\t<\/div>\n\t\t<\/section>\n\t\t\t\t<section class=\"elementor-section elementor-top-section elementor-element elementor-element-bef6107 elementor-section-boxed elementor-section-height-default elementor-section-height-default\" data-id=\"bef6107\" data-element_type=\"section\" data-e-type=\"section\">\n\t\t\t\t\t\t<div class=\"elementor-container elementor-column-gap-default\">\n\t\t\t\t\t<div class=\"elementor-column elementor-col-100 elementor-top-column elementor-element elementor-element-14c82cb\" data-id=\"14c82cb\" data-element_type=\"column\" data-e-type=\"column\">\n\t\t\t<div class=\"elementor-widget-wrap elementor-element-populated\">\n\t\t\t\t\t\t<div class=\"elementor-element elementor-element-e84d8c3 elementor-widget elementor-widget-heading\" data-id=\"e84d8c3\" data-element_type=\"widget\" data-e-type=\"widget\" data-widget_type=\"heading.default\">\n\t\t\t\t<div class=\"elementor-widget-container\">\n\t\t\t\t\t<h2 class=\"elementor-heading-title elementor-size-default\">Solicitar una cita<\/h2>\t\t\t\t<\/div>\n\t\t\t\t<\/div>\n\t\t\t\t<div class=\"elementor-element elementor-element-40a6fb3 elementor-widget elementor-widget-text-editor\" data-id=\"40a6fb3\" data-element_type=\"widget\" data-e-type=\"widget\" data-widget_type=\"text-editor.default\">\n\t\t\t\t<div class=\"elementor-widget-container\">\n\t\t\t\t\t\t\t\t\t<p>\u00bfNo est\u00e1 seguro de lo que necesita su piel? Reserve una <span style=\"text-decoration: underline;\"><a href=\"https:\/\/affdermaz.com\/es\/\">consulta est\u00e9tica<\/a><\/span> y le ayudaremos con un plan de tratamiento personalizado basado en los objetivos de su piel. Ll\u00e1menos al <a href=\"tel:14805560446\"><strong>(480) 556-0446 <\/strong><\/a>o d\u00e9jenos un mensaje mediante el siguiente formulario.<\/p>\t\t\t\t\t\t\t\t<\/div>\n\t\t\t\t<\/div>\n\t\t\t\t<div class=\"elementor-element elementor-element-6d949b9 elementor-widget elementor-widget-text-editor\" data-id=\"6d949b9\" data-element_type=\"widget\" data-e-type=\"widget\" data-widget_type=\"text-editor.default\">\n\t\t\t\t<div class=\"elementor-widget-container\">\n\t\t\t\t\t\t\t\t\t<div class=\"_form_33\"><\/div><script src=\"https:\/\/affderm.dewy.io\/f\/embed.php?id=33\" type=\"text\/javascript\" charset=\"utf-8\"><\/script>\t\t\t\t\t\t\t\t<\/div>\n\t\t\t\t<\/div>\n\t\t\t\t\t<\/div>\n\t\t<\/div>\n\t\t\t\t\t<\/div>\n\t\t<\/section>\n\t\t\t\t<section class=\"elementor-section elementor-top-section elementor-element elementor-element-f588fec elementor-section-boxed elementor-section-height-default elementor-section-height-default\" data-id=\"f588fec\" data-element_type=\"section\" data-e-type=\"section\">\n\t\t\t\t\t\t<div class=\"elementor-container elementor-column-gap-default\">\n\t\t\t\t\t<div class=\"elementor-column elementor-col-66 elementor-top-column elementor-element elementor-element-fd7b094\" data-id=\"fd7b094\" data-element_type=\"column\" data-e-type=\"column\">\n\t\t\t<div class=\"elementor-widget-wrap\">\n\t\t\t\t\t\t\t<\/div>\n\t\t<\/div>\n\t\t\t\t<div class=\"elementor-column elementor-col-33 elementor-top-column elementor-element elementor-element-5637b4b\" data-id=\"5637b4b\" data-element_type=\"column\" data-e-type=\"column\">\n\t\t\t<div class=\"elementor-widget-wrap\">\n\t\t\t\t\t\t\t<\/div>\n\t\t<\/div>\n\t\t\t\t\t<\/div>\n\t\t<\/section>\n\t\t\t\t<section class=\"elementor-section elementor-top-section elementor-element elementor-element-a224141 elementor-section-boxed elementor-section-height-default elementor-section-height-default\" data-id=\"a224141\" data-element_type=\"section\" data-e-type=\"section\">\n\t\t\t\t\t\t<div class=\"elementor-container elementor-column-gap-default\">\n\t\t\t\t\t<div class=\"elementor-column elementor-col-100 elementor-top-column elementor-element elementor-element-0a2f102\" data-id=\"0a2f102\" data-element_type=\"column\" data-e-type=\"column\">\n\t\t\t<div class=\"elementor-widget-wrap elementor-element-populated\">\n\t\t\t\t\t\t<section class=\"elementor-section elementor-inner-section elementor-element elementor-element-17148b8 elementor-section-full_width elementor-section-height-default elementor-section-height-default\" data-id=\"17148b8\" data-element_type=\"section\" data-e-type=\"section\" data-settings=\"{&quot;background_background&quot;:&quot;classic&quot;}\">\n\t\t\t\t\t\t<div class=\"elementor-container elementor-column-gap-default\">\n\t\t\t\t\t<div class=\"elementor-column elementor-col-100 elementor-inner-column elementor-element elementor-element-1e401fa\" data-id=\"1e401fa\" data-element_type=\"column\" data-e-type=\"column\">\n\t\t\t<div class=\"elementor-widget-wrap elementor-element-populated\">\n\t\t\t\t\t\t<div class=\"elementor-element elementor-element-011ce21 elementor-widget elementor-widget-heading\" data-id=\"011ce21\" data-element_type=\"widget\" data-e-type=\"widget\" data-widget_type=\"heading.default\">\n\t\t\t\t<div class=\"elementor-widget-container\">\n\t\t\t\t\t<h3 class=\"elementor-heading-title elementor-size-default\">Concertar una cita<\/h3>\t\t\t\t<\/div>\n\t\t\t\t<\/div>\n\t\t\t\t<div class=\"elementor-element elementor-element-158aa21 elementor-widget elementor-widget-text-editor\" data-id=\"158aa21\" data-element_type=\"widget\" data-e-type=\"widget\" data-widget_type=\"text-editor.default\">\n\t\t\t\t<div class=\"elementor-widget-container\">\n\t\t\t\t\t\t\t\t\t<p>Tanto si desea recibir tratamiento para una afecci\u00f3n cut\u00e1nea como para un procedimiento est\u00e9tico, puede estar seguro de que ser\u00e1 tratado con atenci\u00f3n profesional y personal por uno de nuestros expertos en el cuidado de la piel. No dude en llamarnos al <a href=\"tel:14805560446\"><strong>(480) 556-0446<\/strong><\/a> o d\u00e9jenos un mensaje en l\u00ednea utilizando nuestro <a href=\"https:\/\/affdermaz.com\/es\/contact-us\/\"><strong>Contacte<\/strong><\/a> forma.<\/p>\t\t\t\t\t\t\t\t<\/div>\n\t\t\t\t<\/div>\n\t\t\t\t\t<\/div>\n\t\t<\/div>\n\t\t\t\t\t<\/div>\n\t\t<\/section>\n\t\t\t\t<section class=\"elementor-section elementor-inner-section elementor-element elementor-element-3157c4d elementor-section-full_width elementor-section-height-default elementor-section-height-default\" data-id=\"3157c4d\" data-element_type=\"section\" data-e-type=\"section\" data-settings=\"{&quot;background_background&quot;:&quot;classic&quot;}\">\n\t\t\t\t\t\t<div class=\"elementor-container elementor-column-gap-default\">\n\t\t\t\t\t<div class=\"elementor-column elementor-col-100 elementor-inner-column elementor-element elementor-element-5128af5\" data-id=\"5128af5\" data-element_type=\"column\" data-e-type=\"column\">\n\t\t\t<div class=\"elementor-widget-wrap elementor-element-populated\">\n\t\t\t\t\t\t<div class=\"elementor-element elementor-element-fda34b3 elementor-widget elementor-widget-button\" data-id=\"fda34b3\" data-element_type=\"widget\" data-e-type=\"widget\" data-widget_type=\"button.default\">\n\t\t\t\t<div class=\"elementor-widget-container\">\n\t\t\t\t\t\t\t\t\t<div class=\"elementor-button-wrapper\">\n\t\t\t\t\t<a class=\"elementor-button elementor-button-link elementor-size-sm\" href=\"https:\/\/l.klara.com\/R9YiMF6k4Ux8PCxU\" target=\"_blank\">\n\t\t\t\t\t\t<span class=\"elementor-button-content-wrapper\">\n\t\t\t\t\t\t\t\t\t<span class=\"elementor-button-text\">Concertar una cita<\/span>\n\t\t\t\t\t<\/span>\n\t\t\t\t\t<\/a>\n\t\t\t\t<\/div>\n\t\t\t\t\t\t\t\t<\/div>\n\t\t\t\t<\/div>\n\t\t\t\t\t<\/div>\n\t\t<\/div>\n\t\t\t\t\t<\/div>\n\t\t<\/section>\n\t\t\t\t\t<\/div>\n\t\t<\/div>\n\t\t\t\t\t<\/div>\n\t\t<\/section>\n\t\t\t\t<\/div>","protected":false},"excerpt":{"rendered":"<p>Medical-Grade Facials Cleanse, exfoliate, mask, and correct with our medical-grade facials that work for all skin types including dry, oily, [&hellip;]<\/p>\n","protected":false},"author":1,"featured_media":0,"parent":718,"menu_order":0,"comment_status":"closed","ping_status":"closed","template":"elementor_header_footer","meta":{"_acf_changed":false,"footnotes":""},"class_list":["post-931","page","type-page","status-publish","hentry"],"acf":[],"yoast_head":"<!-- This site is optimized with the Yoast SEO plugin v27.5 - https:\/\/yoast.com\/product\/yoast-seo-wordpress\/ -->\n<title>Medical-Grade Facials in Phoenix, AZ | Affiliated Dermatology<\/title>\n<meta name=\"description\" content=\"Affiliated Dermatology provides state-of-the-art medical-grade facials to help address various skin concerns to patients in Scottsdale and Phoenix, Arizona.\" \/>\n<meta name=\"robots\" content=\"noindex, follow\" \/>\n<meta property=\"og:locale\" content=\"es_MX\" \/>\n<meta property=\"og:type\" content=\"article\" \/>\n<meta property=\"og:title\" content=\"Medical-Grade Facials in Phoenix, AZ | Affiliated Dermatology\" \/>\n<meta property=\"og:description\" content=\"Affiliated Dermatology provides state-of-the-art medical-grade facials to help address various skin concerns to patients in Scottsdale and Phoenix, Arizona.\" \/>\n<meta property=\"og:url\" content=\"https:\/\/affdermaz.com\/es\/services\/aesthetic-dermatology\/medical-grade-facials\/\" \/>\n<meta property=\"og:site_name\" content=\"Affiliated Dermatology\" \/>\n<meta property=\"article:modified_time\" content=\"2024-08-01T03:45:46+00:00\" \/>\n<meta property=\"og:image\" content=\"https:\/\/affdermaz.com\/wp-content\/uploads\/2022\/03\/facials-in-phoenix-az-scottsdale-az.png\" \/>\n<meta name=\"twitter:card\" content=\"summary_large_image\" \/>\n<meta name=\"twitter:label1\" content=\"Tiempo de lectura\" \/>\n\t<meta name=\"twitter:data1\" content=\"2 minutos\" \/>\n<script type=\"application\/ld+json\" class=\"yoast-schema-graph\">{\"@context\":\"https:\\\/\\\/schema.org\",\"@graph\":[{\"@type\":\"WebPage\",\"@id\":\"https:\\\/\\\/affdermaz.com\\\/services\\\/aesthetic-dermatology\\\/medical-grade-facials\\\/\",\"url\":\"https:\\\/\\\/affdermaz.com\\\/services\\\/aesthetic-dermatology\\\/medical-grade-facials\\\/\",\"name\":\"Medical-Grade Facials in Phoenix, AZ | Affiliated Dermatology\",\"isPartOf\":{\"@id\":\"https:\\\/\\\/affdermaz.com\\\/#website\"},\"primaryImageOfPage\":{\"@id\":\"https:\\\/\\\/affdermaz.com\\\/services\\\/aesthetic-dermatology\\\/medical-grade-facials\\\/#primaryimage\"},\"image\":{\"@id\":\"https:\\\/\\\/affdermaz.com\\\/services\\\/aesthetic-dermatology\\\/medical-grade-facials\\\/#primaryimage\"},\"thumbnailUrl\":\"https:\\\/\\\/affdermaz.com\\\/wp-content\\\/uploads\\\/2022\\\/03\\\/facials-in-phoenix-az-scottsdale-az.png\",\"datePublished\":\"2022-03-07T11:02:05+00:00\",\"dateModified\":\"2024-08-01T03:45:46+00:00\",\"description\":\"Affiliated Dermatology provides state-of-the-art medical-grade facials to help address various skin concerns to patients in Scottsdale and Phoenix, Arizona.\",\"breadcrumb\":{\"@id\":\"https:\\\/\\\/affdermaz.com\\\/services\\\/aesthetic-dermatology\\\/medical-grade-facials\\\/#breadcrumb\"},\"inLanguage\":\"es\",\"potentialAction\":[{\"@type\":\"ReadAction\",\"target\":[\"https:\\\/\\\/affdermaz.com\\\/services\\\/aesthetic-dermatology\\\/medical-grade-facials\\\/\"]}]},{\"@type\":\"ImageObject\",\"inLanguage\":\"es\",\"@id\":\"https:\\\/\\\/affdermaz.com\\\/services\\\/aesthetic-dermatology\\\/medical-grade-facials\\\/#primaryimage\",\"url\":\"https:\\\/\\\/affdermaz.com\\\/wp-content\\\/uploads\\\/2022\\\/03\\\/facials-in-phoenix-az-scottsdale-az.png\",\"contentUrl\":\"https:\\\/\\\/affdermaz.com\\\/wp-content\\\/uploads\\\/2022\\\/03\\\/facials-in-phoenix-az-scottsdale-az.png\"},{\"@type\":\"BreadcrumbList\",\"@id\":\"https:\\\/\\\/affdermaz.com\\\/services\\\/aesthetic-dermatology\\\/medical-grade-facials\\\/#breadcrumb\",\"itemListElement\":[{\"@type\":\"ListItem\",\"position\":1,\"name\":\"Home\",\"item\":\"https:\\\/\\\/affdermaz.com\\\/\"},{\"@type\":\"ListItem\",\"position\":2,\"name\":\"Services\",\"item\":\"https:\\\/\\\/affdermaz.com\\\/services\\\/\"},{\"@type\":\"ListItem\",\"position\":3,\"name\":\"Aesthetic Dermatology\",\"item\":\"https:\\\/\\\/affdermaz.com\\\/services\\\/aesthetic-dermatology\\\/\"},{\"@type\":\"ListItem\",\"position\":4,\"name\":\"Medical-Grade Facials\"}]},{\"@type\":\"WebSite\",\"@id\":\"https:\\\/\\\/affdermaz.com\\\/#website\",\"url\":\"https:\\\/\\\/affdermaz.com\\\/\",\"name\":\"Affiliated Dermatology\",\"description\":\"Experts in Skin Disease Treatment &amp; Prevention\",\"potentialAction\":[{\"@type\":\"SearchAction\",\"target\":{\"@type\":\"EntryPoint\",\"urlTemplate\":\"https:\\\/\\\/affdermaz.com\\\/?s={search_term_string}\"},\"query-input\":{\"@type\":\"PropertyValueSpecification\",\"valueRequired\":true,\"valueName\":\"search_term_string\"}}],\"inLanguage\":\"es\"}]}<\/script>\n<!-- \/ Yoast SEO plugin. -->","yoast_head_json":{"title":"Tratamientos faciales de grado m\u00e9dico en Phoenix, AZ | Affiliated Dermatology","description":"Affiliated Dermatology ofrece tratamientos faciales de grado m\u00e9dico de \u00faltima generaci\u00f3n para ayudar a abordar diversos problemas de la piel a los pacientes en Scottsdale y Phoenix, Arizona.","robots":{"index":"noindex","follow":"follow"},"og_locale":"es_MX","og_type":"article","og_title":"Medical-Grade Facials in Phoenix, AZ | Affiliated Dermatology","og_description":"Affiliated Dermatology provides state-of-the-art medical-grade facials to help address various skin concerns to patients in Scottsdale and Phoenix, Arizona.","og_url":"https:\/\/affdermaz.com\/es\/services\/aesthetic-dermatology\/medical-grade-facials\/","og_site_name":"Affiliated Dermatology","article_modified_time":"2024-08-01T03:45:46+00:00","og_image":[{"url":"https:\/\/affdermaz.com\/wp-content\/uploads\/2022\/03\/facials-in-phoenix-az-scottsdale-az.png","type":"","width":"","height":""}],"twitter_card":"summary_large_image","twitter_misc":{"Tiempo de lectura":"2 minutos"},"schema":{"@context":"https:\/\/schema.org","@graph":[{"@type":"WebPage","@id":"https:\/\/affdermaz.com\/services\/aesthetic-dermatology\/medical-grade-facials\/","url":"https:\/\/affdermaz.com\/services\/aesthetic-dermatology\/medical-grade-facials\/","name":"Tratamientos faciales de grado m\u00e9dico en Phoenix, AZ | Affiliated Dermatology","isPartOf":{"@id":"https:\/\/affdermaz.com\/#website"},"primaryImageOfPage":{"@id":"https:\/\/affdermaz.com\/services\/aesthetic-dermatology\/medical-grade-facials\/#primaryimage"},"image":{"@id":"https:\/\/affdermaz.com\/services\/aesthetic-dermatology\/medical-grade-facials\/#primaryimage"},"thumbnailUrl":"https:\/\/affdermaz.com\/wp-content\/uploads\/2022\/03\/facials-in-phoenix-az-scottsdale-az.png","datePublished":"2022-03-07T11:02:05+00:00","dateModified":"2024-08-01T03:45:46+00:00","description":"Affiliated Dermatology ofrece tratamientos faciales de grado m\u00e9dico de \u00faltima generaci\u00f3n para ayudar a abordar diversos problemas de la piel a los pacientes en Scottsdale y Phoenix, Arizona.","breadcrumb":{"@id":"https:\/\/affdermaz.com\/services\/aesthetic-dermatology\/medical-grade-facials\/#breadcrumb"},"inLanguage":"es","potentialAction":[{"@type":"ReadAction","target":["https:\/\/affdermaz.com\/services\/aesthetic-dermatology\/medical-grade-facials\/"]}]},{"@type":"ImageObject","inLanguage":"es","@id":"https:\/\/affdermaz.com\/services\/aesthetic-dermatology\/medical-grade-facials\/#primaryimage","url":"https:\/\/affdermaz.com\/wp-content\/uploads\/2022\/03\/facials-in-phoenix-az-scottsdale-az.png","contentUrl":"https:\/\/affdermaz.com\/wp-content\/uploads\/2022\/03\/facials-in-phoenix-az-scottsdale-az.png"},{"@type":"BreadcrumbList","@id":"https:\/\/affdermaz.com\/services\/aesthetic-dermatology\/medical-grade-facials\/#breadcrumb","itemListElement":[{"@type":"ListItem","position":1,"name":"Home","item":"https:\/\/affdermaz.com\/"},{"@type":"ListItem","position":2,"name":"Services","item":"https:\/\/affdermaz.com\/services\/"},{"@type":"ListItem","position":3,"name":"Aesthetic Dermatology","item":"https:\/\/affdermaz.com\/services\/aesthetic-dermatology\/"},{"@type":"ListItem","position":4,"name":"Medical-Grade Facials"}]},{"@type":"WebSite","@id":"https:\/\/affdermaz.com\/#website","url":"https:\/\/affdermaz.com\/","name":"Dermatolog\u00eda afiliada","description":"Expertos en tratamiento y prevenci\u00f3n de enfermedades cut\u00e1neas","potentialAction":[{"@type":"SearchAction","target":{"@type":"EntryPoint","urlTemplate":"https:\/\/affdermaz.com\/?s={search_term_string}"},"query-input":{"@type":"PropertyValueSpecification","valueRequired":true,"valueName":"search_term_string"}}],"inLanguage":"es"}]}},"jetpack_sharing_enabled":true,"jetpack_likes_enabled":true,"_links":{"self":[{"href":"https:\/\/affdermaz.com\/es\/wp-json\/wp\/v2\/pages\/931","targetHints":{"allow":["GET"]}}],"collection":[{"href":"https:\/\/affdermaz.com\/es\/wp-json\/wp\/v2\/pages"}],"about":[{"href":"https:\/\/affdermaz.com\/es\/wp-json\/wp\/v2\/types\/page"}],"author":[{"embeddable":true,"href":"https:\/\/affdermaz.com\/es\/wp-json\/wp\/v2\/users\/1"}],"replies":[{"embeddable":true,"href":"https:\/\/affdermaz.com\/es\/wp-json\/wp\/v2\/comments?post=931"}],"version-history":[{"count":0,"href":"https:\/\/affdermaz.com\/es\/wp-json\/wp\/v2\/pages\/931\/revisions"}],"up":[{"embeddable":true,"href":"https:\/\/affdermaz.com\/es\/wp-json\/wp\/v2\/pages\/718"}],"wp:attachment":[{"href":"https:\/\/affdermaz.com\/es\/wp-json\/wp\/v2\/media?parent=931"}],"curies":[{"name":"wp","href":"https:\/\/api.w.org\/{rel}","templated":true}]}}